{"id":947,"date":"2022-02-25T09:47:41","date_gmt":"2022-02-25T09:47:41","guid":{"rendered":"https:\/\/dev.hotel-audotel.com\/?page_id=947"},"modified":"2022-02-28T13:32:51","modified_gmt":"2022-02-28T13:32:51","slug":"chambre-communicante","status":"publish","type":"page","link":"https:\/\/dev.hotel-audotel.com\/index.php\/chambre-communicante\/","title":{"rendered":"Chambre Communicante"},"content":{"rendered":"<div data-colibri-id=\"947-c1\" class=\"style-898 style-local-947-c1 position-relative\">\n  <!---->\n  <div data-colibri-component=\"section\" data-colibri-id=\"947-c2\" id=\"reusable-sections\" class=\"h-section h-section-global-spacing d-flex align-items-lg-center align-items-md-center align-items-center style-899 style-local-947-c2 position-relative\">\n    <!---->\n    <!---->\n    <div class=\"h-section-grid-container h-section-boxed-container\">\n      <!---->\n      <div data-colibri-id=\"947-c3\" class=\"h-row-container gutters-row-lg-2 gutters-row-md-2 gutters-row-2 gutters-row-v-lg-2 gutters-row-v-md-2 gutters-row-v-2 style-900 style-local-947-c3 position-relative\">\n        <!---->\n        <div class=\"h-row justify-content-lg-center justify-content-md-center justify-content-center align-items-lg-stretch align-items-md-stretch align-items-stretch gutters-col-lg-2 gutters-col-md-2 gutters-col-2 gutters-col-v-lg-2 gutters-col-v-md-2 gutters-col-v-2\">\n          <!---->\n          <div class=\"h-column h-column-container d-flex h-col-lg-auto h-col-md-auto h-col-auto style-901-outer style-local-947-c4-outer\">\n            <div data-colibri-id=\"947-c4\" class=\"d-flex h-flex-basis h-column__inner h-px-lg-2 h-px-md-2 h-px-2 v-inner-lg-2 v-inner-md-2 v-inner-2 style-901 style-local-947-c4 position-relative\">\n              <!---->\n              <!---->\n              <div class=\"w-100 h-y-container h-column__content h-column__v-align flex-basis-100 align-self-lg-center align-self-md-center align-self-center\">\n                <!---->\n                <div data-colibri-id=\"947-c5\" class=\"h-multiple-image style-902 style-local-947-c5 position-relative h-element\">\n                  <!---->\n                  <div class=\"position-relative\">\n                    <div class=\"h-multiple-image-inside-container\">\n                      <div class=\"ratio-inner\">\n                        <div data-colibri-id=\"947-c6\" class=\"d-block style-903 style-local-947-c6 position-relative h-element\">\n                          <!---->\n                          <div class=\"h-image__frame-container-outer\">\n                            <div class=\"h-image__frame-container\">\n                              <!---->\n                              <!---->\n                              <img loading=\"lazy\" width=\"2560\" height=\"1707\" src=\"https:\/\/dev.hotel-audotel.com\/wp-content\/uploads\/2022\/02\/5V3A0557-3-scaled.jpg\" class=\"style-902-images style-local-947-c5-images wp-image-1029 style-903-image style-local-947-c6-image\" srcset=\"https:\/\/dev.hotel-audotel.com\/wp-content\/uploads\/2022\/02\/5V3A0557-3-scaled.jpg 2560w, https:\/\/dev.hotel-audotel.com\/wp-content\/uploads\/2022\/02\/5V3A0557-3-300x200.jpg 300w, https:\/\/dev.hotel-audotel.com\/wp-content\/uploads\/2022\/02\/5V3A0557-3-1024x683.jpg 1024w, https:\/\/dev.hotel-audotel.com\/wp-content\/uploads\/2022\/02\/5V3A0557-3-768x512.jpg 768w, https:\/\/dev.hotel-audotel.com\/wp-content\/uploads\/2022\/02\/5V3A0557-3-1536x1024.jpg 1536w, https:\/\/dev.hotel-audotel.com\/wp-content\/uploads\/2022\/02\/5V3A0557-3-2048x1365.jpg 2048w\" sizes=\"(max-width: 2560px) 100vw, 2560px\" alt=\"\" \/>\n                              <div class=\"h-image__frame h-hide-lg h-hide-md h-hide-sm style-903-frameImage style-local-947-c6-frameImage\"><\/div>\n                            <\/div>\n                          <\/div>\n                        <\/div>\n                        <div data-colibri-id=\"947-c7\" class=\"d-block style-904 style-local-947-c7 position-relative h-element\">\n                          <!---->\n                          <div class=\"h-image__frame-container-outer\">\n                            <div class=\"h-image__frame-container\">\n                              <!---->\n                              <!---->\n                              <img loading=\"lazy\" width=\"2560\" height=\"1707\" src=\"https:\/\/dev.hotel-audotel.com\/wp-content\/uploads\/2022\/02\/Audotel-Chambre-communicante-scaled.jpg\" class=\"style-902-images style-local-947-c5-images wp-image-950 style-904-image style-local-947-c7-image\" srcset=\"https:\/\/dev.hotel-audotel.com\/wp-content\/uploads\/2022\/02\/Audotel-Chambre-communicante-scaled.jpg 2560w, https:\/\/dev.hotel-audotel.com\/wp-content\/uploads\/2022\/02\/Audotel-Chambre-communicante-300x200.jpg 300w, https:\/\/dev.hotel-audotel.com\/wp-content\/uploads\/2022\/02\/Audotel-Chambre-communicante-1024x683.jpg 1024w, https:\/\/dev.hotel-audotel.com\/wp-content\/uploads\/2022\/02\/Audotel-Chambre-communicante-768x512.jpg 768w, https:\/\/dev.hotel-audotel.com\/wp-content\/uploads\/2022\/02\/Audotel-Chambre-communicante-1536x1024.jpg 1536w, https:\/\/dev.hotel-audotel.com\/wp-content\/uploads\/2022\/02\/Audotel-Chambre-communicante-2048x1365.jpg 2048w\" sizes=\"(max-width: 2560px) 100vw, 2560px\" alt=\"\" \/>\n                              <div class=\"h-image__frame h-hide-lg h-hide-md h-hide-sm style-904-frameImage style-local-947-c7-frameImage\"><\/div>\n                            <\/div>\n                          <\/div>\n                        <\/div>\n                      <\/div>\n                    <\/div>\n                  <\/div>\n                <\/div>\n              <\/div>\n            <\/div>\n          <\/div>\n          <div class=\"h-column h-column-container d-flex h-col-lg-auto h-col-md-auto h-col-auto style-906-outer style-local-947-c8-outer\">\n            <div data-colibri-id=\"947-c8\" class=\"d-flex h-flex-basis h-column__inner h-px-lg-2 h-px-md-2 h-px-2 v-inner-lg-2 v-inner-md-2 v-inner-2 style-906 style-local-947-c8 position-relative\">\n              <!---->\n              <!---->\n              <div class=\"w-100 h-y-container h-column__content h-column__v-align flex-basis-100 align-self-lg-center align-self-md-center align-self-center\">\n                <!---->\n                <div data-colibri-id=\"947-c9\" class=\"h-global-transition-all h-heading style-907 style-local-947-c9 position-relative h-element\">\n                  <!---->\n                  <div class=\"h-heading__outer style-907 style-local-947-c9\">\n                    <!---->\n                    <!---->\n                    <h2 class=\"\">Chambre Communicante<\/h2>\n                  <\/div>\n                <\/div>\n                <div data-colibri-id=\"947-c10\" class=\"h-text h-text-component style-908 style-local-947-c10 position-relative h-element\">\n                  <!---->\n                  <!---->\n                  <div class=\"\">\n                    <p><em>Pour quatre personnes<\/em><\/p>\n                    <p><em>Superficie 24M2<\/em><\/p>\n                    <p>*1 lit double 150&#215;190 et 2 lits simples 90&#215;190<\/p>\n                    <p>*douche<\/p>\n                    <p>*chauffage<\/p>\n                    <p>*TV \u00e9cran plat<\/p>\n                    <p>*Wifi<\/p>\n                    <p>*bureau<\/p>\n                    <p><span style=\"font-size: 101%; font-family: &quot;Open Sans&quot;;\">Notre chambre communicante id\u00e9ale pour un s\u00e9jour en famille, constitu\u00e9e de deux chambre de 12m2 chacune avec sa propre salle de bain. Notre h\u00f4tel AUDOTEL vous s\u00e9duira par sa convivialit\u00e9.<\/span><\/p>\n                  <\/div>\n                <\/div>\n                <div data-colibri-id=\"947-c11\" class=\"h-x-container style-909 style-local-947-c11 position-relative h-element\">\n                  <!---->\n                  <div class=\"h-x-container-inner style-dynamic-947-c11-group style-909-spacing style-local-947-c11-spacing\"><span class=\"h-button__outer style-910-outer style-local-947-c12-outer d-inline-flex h-element\"><a h-use-smooth-scroll=\"true\" href=\"https:\/\/secure.reservit.com\/fo\/booking\/2\/93602\/dates?specialMode=default&amp;langcode=FR&amp;__utmz=128918670.1627563189.1.1.utmcsr%3D(direct)%7Cutmccn%3D(direct)%7Cutmcmd%3D(none)&amp;custid=2&amp;_ga=GA1.3.985223895.1627563117&amp;__utmb=128918670.10.10.1627563189&amp;hotelid=93602&amp;__utmc=128918670&amp;m=booking&amp;__utma=128918670.985223895.1627563117.1627563189.1627563189.1\"  data-colibri-id=\"947-c12\" class=\"d-flex w-100 align-items-center h-button justify-content-lg-center justify-content-md-center justify-content-center style-910 style-local-947-c12 position-relative\"><!----><!----> <span>R\u00e9server une Chambre<\/span><\/a>\n                    <\/span>\n                  <\/div>\n                <\/div>\n              <\/div>\n            <\/div>\n          <\/div>\n        <\/div>\n      <\/div>\n      <div data-colibri-id=\"947-c13\" class=\"h-row-container gutters-row-lg-2 gutters-row-md-2 gutters-row-0 gutters-row-v-lg-2 gutters-row-v-md-2 gutters-row-v-2 style-911 style-local-947-c13 position-relative\">\n        <!---->\n        <div class=\"h-row justify-content-lg-center justify-content-md-center justify-content-center align-items-lg-stretch align-items-md-stretch align-items-stretch gutters-col-lg-2 gutters-col-md-2 gutters-col-0 gutters-col-v-lg-2 gutters-col-v-md-2 gutters-col-v-2\">\n          <!---->\n          <div class=\"h-column h-column-container d-flex h-col-lg-auto h-col-md-auto h-col-auto style-912-outer style-local-947-c14-outer\">\n            <div data-colibri-id=\"947-c14\" class=\"d-flex h-flex-basis h-column__inner h-ui-empty-state-container h-px-lg-2 h-px-md-2 h-px-2 v-inner-lg-2 v-inner-md-2 v-inner-2 style-912 style-local-947-c14 position-relative\">\n              <!---->\n              <!---->\n              <div class=\"w-100 h-y-container h-column__content h-column__v-align flex-basis-100\">\n                <!---->\n              <\/div>\n            <\/div>\n          <\/div>\n        <\/div>\n      <\/div>\n    <\/div>\n  <\/div>\n<\/div>","protected":false},"excerpt":{"rendered":"<p>Chambre Communicante Pour quatre personnes Superficie 24M2 *1 lit double 150&#215;190 et 2 lits simples 90&#215;190 *douche *chauffage *TV \u00e9cran plat *Wifi *bureau Notre chambre communicante id\u00e9ale pour un s\u00e9jour en famille, constitu\u00e9e de deux chambre de 12m2 chacune avec sa propre salle de bain. Notre h\u00f4tel AUDOTEL vous s\u00e9duira par sa convivialit\u00e9. R\u00e9server une [&hellip;]<\/p>\n","protected":false},"author":1,"featured_media":0,"parent":0,"menu_order":0,"comment_status":"closed","ping_status":"closed","template":"page-templates\/full-width-page.php","meta":{"ngg_post_thumbnail":0},"yoast_head":"<!-- This site is optimized with the Yoast SEO plugin v18.2 - https:\/\/yoast.com\/wordpress\/plugins\/seo\/ -->\n<title>Chambre Communicante - H\u00f4tel \u00e0 Carcassonne<\/title>\n<meta name=\"robots\" content=\"noindex, follow, max-snippet:-1, max-image-preview:large, max-video-preview:-1\" \/>\n<meta property=\"og:locale\" content=\"fr_FR\" \/>\n<meta property=\"og:type\" content=\"article\" \/>\n<meta property=\"og:title\" content=\"Chambre Communicante - H\u00f4tel \u00e0 Carcassonne\" \/>\n<meta property=\"og:description\" content=\"Chambre Communicante Pour quatre personnes Superficie 24M2 *1 lit double 150&#215;190 et 2 lits simples 90&#215;190 *douche *chauffage *TV \u00e9cran plat *Wifi *bureau Notre chambre communicante id\u00e9ale pour un s\u00e9jour en famille, constitu\u00e9e de deux chambre de 12m2 chacune avec sa propre salle de bain. Notre h\u00f4tel AUDOTEL vous s\u00e9duira par sa convivialit\u00e9. R\u00e9server une [&hellip;]\" \/>\n<meta property=\"og:url\" content=\"https:\/\/dev.hotel-audotel.com\/index.php\/chambre-communicante\/\" \/>\n<meta property=\"og:site_name\" content=\"H\u00f4tel \u00e0 Carcassonne\" \/>\n<meta property=\"article:modified_time\" content=\"2022-02-28T13:32:51+00:00\" \/>\n<meta property=\"og:image\" content=\"https:\/\/dev.hotel-audotel.com\/wp-content\/uploads\/2022\/02\/5V3A0557-3-scaled.jpg\" \/>\n<meta name=\"twitter:card\" content=\"summary_large_image\" \/>\n<script type=\"application\/ld+json\" class=\"yoast-schema-graph\">{\"@context\":\"https:\/\/schema.org\",\"@graph\":[{\"@type\":\"WebSite\",\"@id\":\"https:\/\/dev.hotel-audotel.com\/#website\",\"url\":\"https:\/\/dev.hotel-audotel.com\/\",\"name\":\"H\u00f4tel \u00e0 Carcassonne\",\"description\":\"Audotel\",\"potentialAction\":[{\"@type\":\"SearchAction\",\"target\":{\"@type\":\"EntryPoint\",\"urlTemplate\":\"https:\/\/dev.hotel-audotel.com\/?s={search_term_string}\"},\"query-input\":\"required name=search_term_string\"}],\"inLanguage\":\"fr-FR\"},{\"@type\":\"ImageObject\",\"@id\":\"https:\/\/dev.hotel-audotel.com\/index.php\/chambre-communicante\/#primaryimage\",\"inLanguage\":\"fr-FR\",\"url\":\"https:\/\/dev.hotel-audotel.com\/wp-content\/uploads\/2022\/02\/5V3A0557-3-scaled.jpg\",\"contentUrl\":\"https:\/\/dev.hotel-audotel.com\/wp-content\/uploads\/2022\/02\/5V3A0557-3-scaled.jpg\",\"width\":2560,\"height\":1707},{\"@type\":\"WebPage\",\"@id\":\"https:\/\/dev.hotel-audotel.com\/index.php\/chambre-communicante\/#webpage\",\"url\":\"https:\/\/dev.hotel-audotel.com\/index.php\/chambre-communicante\/\",\"name\":\"Chambre Communicante - H\u00f4tel \u00e0 Carcassonne\",\"isPartOf\":{\"@id\":\"https:\/\/dev.hotel-audotel.com\/#website\"},\"primaryImageOfPage\":{\"@id\":\"https:\/\/dev.hotel-audotel.com\/index.php\/chambre-communicante\/#primaryimage\"},\"datePublished\":\"2022-02-25T09:47:41+00:00\",\"dateModified\":\"2022-02-28T13:32:51+00:00\",\"breadcrumb\":{\"@id\":\"https:\/\/dev.hotel-audotel.com\/index.php\/chambre-communicante\/#breadcrumb\"},\"inLanguage\":\"fr-FR\",\"potentialAction\":[{\"@type\":\"ReadAction\",\"target\":[\"https:\/\/dev.hotel-audotel.com\/index.php\/chambre-communicante\/\"]}]},{\"@type\":\"BreadcrumbList\",\"@id\":\"https:\/\/dev.hotel-audotel.com\/index.php\/chambre-communicante\/#breadcrumb\",\"itemListElement\":[{\"@type\":\"ListItem\",\"position\":1,\"name\":\"Home\",\"item\":\"https:\/\/dev.hotel-audotel.com\/\"},{\"@type\":\"ListItem\",\"position\":2,\"name\":\"Chambre Communicante\"}]}]}<\/script>\n<!-- \/ Yoast SEO plugin. -->","yoast_head_json":{"title":"Chambre Communicante - H\u00f4tel \u00e0 Carcassonne","robots":{"index":"noindex","follow":"follow","max-snippet":"max-snippet:-1","max-image-preview":"max-image-preview:large","max-video-preview":"max-video-preview:-1"},"og_locale":"fr_FR","og_type":"article","og_title":"Chambre Communicante - H\u00f4tel \u00e0 Carcassonne","og_description":"Chambre Communicante Pour quatre personnes Superficie 24M2 *1 lit double 150&#215;190 et 2 lits simples 90&#215;190 *douche *chauffage *TV \u00e9cran plat *Wifi *bureau Notre chambre communicante id\u00e9ale pour un s\u00e9jour en famille, constitu\u00e9e de deux chambre de 12m2 chacune avec sa propre salle de bain. Notre h\u00f4tel AUDOTEL vous s\u00e9duira par sa convivialit\u00e9. R\u00e9server une [&hellip;]","og_url":"https:\/\/dev.hotel-audotel.com\/index.php\/chambre-communicante\/","og_site_name":"H\u00f4tel \u00e0 Carcassonne","article_modified_time":"2022-02-28T13:32:51+00:00","og_image":[{"url":"https:\/\/dev.hotel-audotel.com\/wp-content\/uploads\/2022\/02\/5V3A0557-3-scaled.jpg"}],"twitter_card":"summary_large_image","schema":{"@context":"https:\/\/schema.org","@graph":[{"@type":"WebSite","@id":"https:\/\/dev.hotel-audotel.com\/#website","url":"https:\/\/dev.hotel-audotel.com\/","name":"H\u00f4tel \u00e0 Carcassonne","description":"Audotel","potentialAction":[{"@type":"SearchAction","target":{"@type":"EntryPoint","urlTemplate":"https:\/\/dev.hotel-audotel.com\/?s={search_term_string}"},"query-input":"required name=search_term_string"}],"inLanguage":"fr-FR"},{"@type":"ImageObject","@id":"https:\/\/dev.hotel-audotel.com\/index.php\/chambre-communicante\/#primaryimage","inLanguage":"fr-FR","url":"https:\/\/dev.hotel-audotel.com\/wp-content\/uploads\/2022\/02\/5V3A0557-3-scaled.jpg","contentUrl":"https:\/\/dev.hotel-audotel.com\/wp-content\/uploads\/2022\/02\/5V3A0557-3-scaled.jpg","width":2560,"height":1707},{"@type":"WebPage","@id":"https:\/\/dev.hotel-audotel.com\/index.php\/chambre-communicante\/#webpage","url":"https:\/\/dev.hotel-audotel.com\/index.php\/chambre-communicante\/","name":"Chambre Communicante - H\u00f4tel \u00e0 Carcassonne","isPartOf":{"@id":"https:\/\/dev.hotel-audotel.com\/#website"},"primaryImageOfPage":{"@id":"https:\/\/dev.hotel-audotel.com\/index.php\/chambre-communicante\/#primaryimage"},"datePublished":"2022-02-25T09:47:41+00:00","dateModified":"2022-02-28T13:32:51+00:00","breadcrumb":{"@id":"https:\/\/dev.hotel-audotel.com\/index.php\/chambre-communicante\/#breadcrumb"},"inLanguage":"fr-FR","potentialAction":[{"@type":"ReadAction","target":["https:\/\/dev.hotel-audotel.com\/index.php\/chambre-communicante\/"]}]},{"@type":"BreadcrumbList","@id":"https:\/\/dev.hotel-audotel.com\/index.php\/chambre-communicante\/#breadcrumb","itemListElement":[{"@type":"ListItem","position":1,"name":"Home","item":"https:\/\/dev.hotel-audotel.com\/"},{"@type":"ListItem","position":2,"name":"Chambre Communicante"}]}]}},"_links":{"self":[{"href":"https:\/\/dev.hotel-audotel.com\/index.php\/wp-json\/wp\/v2\/pages\/947"}],"collection":[{"href":"https:\/\/dev.hotel-audotel.com\/index.php\/wp-json\/wp\/v2\/pages"}],"about":[{"href":"https:\/\/dev.hotel-audotel.com\/index.php\/wp-json\/wp\/v2\/types\/page"}],"author":[{"embeddable":true,"href":"https:\/\/dev.hotel-audotel.com\/index.php\/wp-json\/wp\/v2\/users\/1"}],"replies":[{"embeddable":true,"href":"https:\/\/dev.hotel-audotel.com\/index.php\/wp-json\/wp\/v2\/comments?post=947"}],"version-history":[{"count":4,"href":"https:\/\/dev.hotel-audotel.com\/index.php\/wp-json\/wp\/v2\/pages\/947\/revisions"}],"predecessor-version":[{"id":1032,"href":"https:\/\/dev.hotel-audotel.com\/index.php\/wp-json\/wp\/v2\/pages\/947\/revisions\/1032"}],"wp:attachment":[{"href":"https:\/\/dev.hotel-audotel.com\/index.php\/wp-json\/wp\/v2\/media?parent=947"}],"curies":[{"name":"wp","href":"https:\/\/api.w.org\/{rel}","templated":true}]}}