{"id":935,"date":"2022-02-25T09:44:13","date_gmt":"2022-02-25T09:44:13","guid":{"rendered":"https:\/\/dev.hotel-audotel.com\/?page_id=935"},"modified":"2022-02-28T13:55:14","modified_gmt":"2022-02-28T13:55:14","slug":"chambre-quadruple-climatisee","status":"publish","type":"page","link":"https:\/\/dev.hotel-audotel.com\/index.php\/chambre-quadruple-climatisee\/","title":{"rendered":"Chambre Quadruple Climatis\u00e9e"},"content":{"rendered":"<div data-colibri-id=\"935-c1\" class=\"style-885 style-local-935-c1 position-relative\">\n  <!---->\n  <div data-colibri-component=\"section\" data-colibri-id=\"935-c2\" id=\"reusable-sections\" class=\"h-section h-section-global-spacing d-flex align-items-lg-center align-items-md-center align-items-center style-886 style-local-935-c2 position-relative\">\n    <!---->\n    <!---->\n    <div class=\"h-section-grid-container h-section-boxed-container\">\n      <!---->\n      <div data-colibri-id=\"935-c3\" class=\"h-row-container gutters-row-lg-2 gutters-row-md-2 gutters-row-2 gutters-row-v-lg-2 gutters-row-v-md-2 gutters-row-v-2 style-887 style-local-935-c3 position-relative\">\n        <!---->\n        <div class=\"h-row justify-content-lg-center justify-content-md-center justify-content-center align-items-lg-stretch align-items-md-stretch align-items-stretch gutters-col-lg-2 gutters-col-md-2 gutters-col-2 gutters-col-v-lg-2 gutters-col-v-md-2 gutters-col-v-2\">\n          <!---->\n          <div class=\"h-column h-column-container d-flex h-col-lg-auto h-col-md-auto h-col-auto style-888-outer style-local-935-c4-outer\">\n            <div data-colibri-id=\"935-c4\" class=\"d-flex h-flex-basis h-column__inner h-px-lg-2 h-px-md-2 h-px-2 v-inner-lg-2 v-inner-md-2 v-inner-2 style-888 style-local-935-c4 position-relative\">\n              <!---->\n              <!---->\n              <div class=\"w-100 h-y-container h-column__content h-column__v-align flex-basis-100 align-self-lg-center align-self-md-center align-self-center\">\n                <!---->\n                <div data-colibri-id=\"935-c5\" class=\"h-multiple-image style-889 style-local-935-c5 position-relative h-element\">\n                  <!---->\n                  <div class=\"position-relative\">\n                    <div class=\"h-multiple-image-inside-container\">\n                      <div class=\"ratio-inner\">\n                        <div data-colibri-id=\"935-c6\" class=\"d-block style-890 style-local-935-c6 position-relative h-element\">\n                          <!---->\n                          <div class=\"h-image__frame-container-outer\">\n                            <div class=\"h-image__frame-container\">\n                              <!---->\n                              <!---->\n                              <img loading=\"lazy\" width=\"2560\" height=\"1707\" src=\"https:\/\/dev.hotel-audotel.com\/wp-content\/uploads\/2022\/02\/IMG_6037-scaled.jpeg\" class=\"style-889-images style-local-935-c5-images wp-image-1014 style-890-image style-local-935-c6-image\" srcset=\"https:\/\/dev.hotel-audotel.com\/wp-content\/uploads\/2022\/02\/IMG_6037-scaled.jpeg 2560w, https:\/\/dev.hotel-audotel.com\/wp-content\/uploads\/2022\/02\/IMG_6037-300x200.jpeg 300w, https:\/\/dev.hotel-audotel.com\/wp-content\/uploads\/2022\/02\/IMG_6037-1024x683.jpeg 1024w, https:\/\/dev.hotel-audotel.com\/wp-content\/uploads\/2022\/02\/IMG_6037-768x512.jpeg 768w, https:\/\/dev.hotel-audotel.com\/wp-content\/uploads\/2022\/02\/IMG_6037-1536x1024.jpeg 1536w, https:\/\/dev.hotel-audotel.com\/wp-content\/uploads\/2022\/02\/IMG_6037-2048x1365.jpeg 2048w\" sizes=\"(max-width: 2560px) 100vw, 2560px\" alt=\"\" \/>\n                              <div class=\"h-image__frame h-hide-lg h-hide-md h-hide-sm style-890-frameImage style-local-935-c6-frameImage\"><\/div>\n                            <\/div>\n                          <\/div>\n                        <\/div>\n                        <div data-colibri-id=\"935-c7\" class=\"d-block style-891 style-local-935-c7 position-relative h-element\">\n                          <!---->\n                          <div class=\"h-image__frame-container-outer\">\n                            <div class=\"h-image__frame-container\">\n                              <!---->\n                              <!---->\n                              <img loading=\"lazy\" width=\"2560\" height=\"1707\" src=\"https:\/\/dev.hotel-audotel.com\/wp-content\/uploads\/2022\/02\/Audotel-Chambre-quadruple-scaled.jpg\" class=\"style-889-images style-local-935-c5-images wp-image-938 style-891-image style-local-935-c7-image\" srcset=\"https:\/\/dev.hotel-audotel.com\/wp-content\/uploads\/2022\/02\/Audotel-Chambre-quadruple-scaled.jpg 2560w, https:\/\/dev.hotel-audotel.com\/wp-content\/uploads\/2022\/02\/Audotel-Chambre-quadruple-300x200.jpg 300w, https:\/\/dev.hotel-audotel.com\/wp-content\/uploads\/2022\/02\/Audotel-Chambre-quadruple-1024x683.jpg 1024w, https:\/\/dev.hotel-audotel.com\/wp-content\/uploads\/2022\/02\/Audotel-Chambre-quadruple-768x512.jpg 768w, https:\/\/dev.hotel-audotel.com\/wp-content\/uploads\/2022\/02\/Audotel-Chambre-quadruple-1536x1024.jpg 1536w, https:\/\/dev.hotel-audotel.com\/wp-content\/uploads\/2022\/02\/Audotel-Chambre-quadruple-2048x1365.jpg 2048w\" sizes=\"(max-width: 2560px) 100vw, 2560px\" alt=\"\" \/>\n                              <div class=\"h-image__frame h-hide-lg h-hide-md h-hide-sm style-891-frameImage style-local-935-c7-frameImage\"><\/div>\n                            <\/div>\n                          <\/div>\n                        <\/div>\n                        <div data-colibri-id=\"935-c8\" class=\"d-block style-892 style-local-935-c8 position-relative h-element\">\n                          <!---->\n                          <div class=\"h-image__frame-container-outer\">\n                            <div class=\"h-image__frame-container\">\n                              <!---->\n                              <!---->\n                              <img loading=\"lazy\" width=\"1707\" height=\"2560\" src=\"https:\/\/dev.hotel-audotel.com\/wp-content\/uploads\/2022\/02\/5V3A0570-1-scaled.jpg\" class=\"style-889-images style-local-935-c5-images wp-image-861 style-892-image style-local-935-c8-image\" srcset=\"https:\/\/dev.hotel-audotel.com\/wp-content\/uploads\/2022\/02\/5V3A0570-1-scaled.jpg 1707w, https:\/\/dev.hotel-audotel.com\/wp-content\/uploads\/2022\/02\/5V3A0570-1-200x300.jpg 200w, https:\/\/dev.hotel-audotel.com\/wp-content\/uploads\/2022\/02\/5V3A0570-1-683x1024.jpg 683w, https:\/\/dev.hotel-audotel.com\/wp-content\/uploads\/2022\/02\/5V3A0570-1-768x1152.jpg 768w, https:\/\/dev.hotel-audotel.com\/wp-content\/uploads\/2022\/02\/5V3A0570-1-1024x1536.jpg 1024w, https:\/\/dev.hotel-audotel.com\/wp-content\/uploads\/2022\/02\/5V3A0570-1-1365x2048.jpg 1365w\" sizes=\"(max-width: 1707px) 100vw, 1707px\" alt=\"\" \/>\n                              <div class=\"h-image__frame h-hide-lg h-hide-md h-hide-sm style-892-frameImage style-local-935-c8-frameImage\"><\/div>\n                            <\/div>\n                          <\/div>\n                        <\/div>\n                      <\/div>\n                    <\/div>\n                  <\/div>\n                <\/div>\n              <\/div>\n            <\/div>\n          <\/div>\n          <div class=\"h-column h-column-container d-flex h-col-lg-auto h-col-md-auto h-col-auto style-893-outer style-local-935-c9-outer\">\n            <div data-colibri-id=\"935-c9\" class=\"d-flex h-flex-basis h-column__inner h-px-lg-2 h-px-md-2 h-px-2 v-inner-lg-2 v-inner-md-2 v-inner-2 style-893 style-local-935-c9 position-relative\">\n              <!---->\n              <!---->\n              <div class=\"w-100 h-y-container h-column__content h-column__v-align flex-basis-100 align-self-lg-center align-self-md-center align-self-center\">\n                <!---->\n                <div data-colibri-id=\"935-c10\" class=\"h-global-transition-all h-heading style-894 style-local-935-c10 position-relative h-element\">\n                  <!---->\n                  <div class=\"h-heading__outer style-894 style-local-935-c10\">\n                    <!---->\n                    <!---->\n                    <h2 class=\"\">Chambre Quadruple Climatis\u00e9e<\/h2>\n                  <\/div>\n                <\/div>\n                <div data-colibri-id=\"935-c11\" class=\"h-text h-text-component style-895 style-local-935-c11 position-relative h-element\">\n                  <!---->\n                  <!---->\n                  <div class=\"\">\n                    <p><em>Pour quatre personnes<\/em><\/p>\n                    <p><em>Superficie 14M2<\/em><\/p>\n                    <p>*1 lit double et 1 lit superpos\u00e9\/1 lit double 150&#215;190 et 2 lits simples 90&#215;190<\/p>\n                    <p>*douche<\/p>\n                    <p>*climatisation\/chauffage<\/p>\n                    <p>*TV \u00e9cran plat<\/p>\n                    <p>*Wifi<\/p>\n                    <p>*bureau<\/p>\n                    <p><span style=\"color: rgb(72, 146, 152); font-family: &quot;Open Sans&quot;, sans-serif;\">Vous \u00eates \u00e0 la recherche d\u2019une chambre pour 4 personnes \u00e0 Carcassonne ? Nous avons la chambre qui vous correspond ! Situ\u00e9e \u00e0 5 minutes en voiture de la cit\u00e9 m\u00e9di\u00e9vale , notre h\u00f4tel comporte des jolies chambres quadruples. Elles sont compos\u00e9es d\u2019un lit double&nbsp;et de deux lits simples, ou de lit superpos\u00e9 d\u2019une salle d\u2019eau avec douche, de la climatisation, du chauffage, de la Wifi en acc\u00e8s illimit\u00e9 ainsi que d\u2019une t\u00e9l\u00e9vision. Pour faire le plein d\u2019\u00e9nergie, nous vous proposons tous les matins un petit d\u00e9jeuner copieux sous la forme d\u2019un buffet. Un accueil chaleureux et souriant vous sera r\u00e9serv\u00e9 \u00e0 votre arriv\u00e9e au sein de notre h\u00f4tel 2 \u00e9toiles \u00e0 Carcassonne.<\/span><\/p>\n                  <\/div>\n                <\/div>\n                <div data-colibri-id=\"935-c12\" class=\"h-x-container style-896 style-local-935-c12 position-relative h-element\">\n                  <!---->\n                  <div class=\"h-x-container-inner style-dynamic-935-c12-group style-896-spacing style-local-935-c12-spacing\"><span class=\"h-button__outer style-897-outer style-local-935-c13-outer d-inline-flex h-element\"><a h-use-smooth-scroll=\"true\" href=\"https:\/\/secure.reservit.com\/fo\/booking\/2\/93602\/dates?specialMode=default&amp;langcode=FR&amp;__utmz=128918670.1627563189.1.1.utmcsr%3D(direct)%7Cutmccn%3D(direct)%7Cutmcmd%3D(none)&amp;custid=2&amp;_ga=GA1.3.985223895.1627563117&amp;__utmb=128918670.10.10.1627563189&amp;hotelid=93602&amp;__utmc=128918670&amp;m=booking&amp;__utma=128918670.985223895.1627563117.1627563189.1627563189.1\"  data-colibri-id=\"935-c13\" class=\"d-flex w-100 align-items-center h-button justify-content-lg-center justify-content-md-center justify-content-center style-897 style-local-935-c13 position-relative\"><!----><!----> <span>R\u00e9server une Chambre<\/span><\/a>\n                    <\/span>\n                  <\/div>\n                <\/div>\n              <\/div>\n            <\/div>\n          <\/div>\n        <\/div>\n      <\/div>\n    <\/div>\n  <\/div>\n<\/div>","protected":false},"excerpt":{"rendered":"<p>Chambre Quadruple Climatis\u00e9e Pour quatre personnes Superficie 14M2 *1 lit double et 1 lit superpos\u00e9\/1 lit double 150&#215;190 et 2 lits simples 90&#215;190 *douche *climatisation\/chauffage *TV \u00e9cran plat *Wifi *bureau Vous \u00eates \u00e0 la recherche d\u2019une chambre pour 4 personnes \u00e0 Carcassonne ? Nous avons la chambre qui vous correspond ! Situ\u00e9e \u00e0 5 minutes [&hellip;]<\/p>\n","protected":false},"author":1,"featured_media":0,"parent":0,"menu_order":0,"comment_status":"closed","ping_status":"closed","template":"page-templates\/full-width-page.php","meta":{"ngg_post_thumbnail":0},"yoast_head":"<!-- This site is optimized with the Yoast SEO plugin v18.2 - https:\/\/yoast.com\/wordpress\/plugins\/seo\/ -->\n<title>Chambre Quadruple Climatis\u00e9e - H\u00f4tel \u00e0 Carcassonne<\/title>\n<meta name=\"robots\" content=\"noindex, follow, max-snippet:-1, max-image-preview:large, max-video-preview:-1\" \/>\n<meta property=\"og:locale\" content=\"fr_FR\" \/>\n<meta property=\"og:type\" content=\"article\" \/>\n<meta property=\"og:title\" content=\"Chambre Quadruple Climatis\u00e9e - H\u00f4tel \u00e0 Carcassonne\" \/>\n<meta property=\"og:description\" content=\"Chambre Quadruple Climatis\u00e9e Pour quatre personnes Superficie 14M2 *1 lit double et 1 lit superpos\u00e9\/1 lit double 150&#215;190 et 2 lits simples 90&#215;190 *douche *climatisation\/chauffage *TV \u00e9cran plat *Wifi *bureau Vous \u00eates \u00e0 la recherche d\u2019une chambre pour 4 personnes \u00e0 Carcassonne ? Nous avons la chambre qui vous correspond ! Situ\u00e9e \u00e0 5 minutes [&hellip;]\" \/>\n<meta property=\"og:url\" content=\"https:\/\/dev.hotel-audotel.com\/index.php\/chambre-quadruple-climatisee\/\" \/>\n<meta property=\"og:site_name\" content=\"H\u00f4tel \u00e0 Carcassonne\" \/>\n<meta property=\"article:modified_time\" content=\"2022-02-28T13:55:14+00:00\" \/>\n<meta property=\"og:image\" content=\"https:\/\/dev.hotel-audotel.com\/wp-content\/uploads\/2022\/02\/IMG_6037-scaled.jpeg\" \/>\n<meta name=\"twitter:card\" content=\"summary_large_image\" \/>\n<meta name=\"twitter:label1\" content=\"Dur\u00e9e de lecture estim\u00e9e\" \/>\n\t<meta name=\"twitter:data1\" content=\"1 minute\" \/>\n<script type=\"application\/ld+json\" class=\"yoast-schema-graph\">{\"@context\":\"https:\/\/schema.org\",\"@graph\":[{\"@type\":\"WebSite\",\"@id\":\"https:\/\/dev.hotel-audotel.com\/#website\",\"url\":\"https:\/\/dev.hotel-audotel.com\/\",\"name\":\"H\u00f4tel \u00e0 Carcassonne\",\"description\":\"Audotel\",\"potentialAction\":[{\"@type\":\"SearchAction\",\"target\":{\"@type\":\"EntryPoint\",\"urlTemplate\":\"https:\/\/dev.hotel-audotel.com\/?s={search_term_string}\"},\"query-input\":\"required name=search_term_string\"}],\"inLanguage\":\"fr-FR\"},{\"@type\":\"ImageObject\",\"@id\":\"https:\/\/dev.hotel-audotel.com\/index.php\/chambre-quadruple-climatisee\/#primaryimage\",\"inLanguage\":\"fr-FR\",\"url\":\"https:\/\/dev.hotel-audotel.com\/wp-content\/uploads\/2022\/02\/IMG_6037-scaled.jpeg\",\"contentUrl\":\"https:\/\/dev.hotel-audotel.com\/wp-content\/uploads\/2022\/02\/IMG_6037-scaled.jpeg\",\"width\":2560,\"height\":1707},{\"@type\":\"WebPage\",\"@id\":\"https:\/\/dev.hotel-audotel.com\/index.php\/chambre-quadruple-climatisee\/#webpage\",\"url\":\"https:\/\/dev.hotel-audotel.com\/index.php\/chambre-quadruple-climatisee\/\",\"name\":\"Chambre Quadruple Climatis\u00e9e - H\u00f4tel \u00e0 Carcassonne\",\"isPartOf\":{\"@id\":\"https:\/\/dev.hotel-audotel.com\/#website\"},\"primaryImageOfPage\":{\"@id\":\"https:\/\/dev.hotel-audotel.com\/index.php\/chambre-quadruple-climatisee\/#primaryimage\"},\"datePublished\":\"2022-02-25T09:44:13+00:00\",\"dateModified\":\"2022-02-28T13:55:14+00:00\",\"breadcrumb\":{\"@id\":\"https:\/\/dev.hotel-audotel.com\/index.php\/chambre-quadruple-climatisee\/#breadcrumb\"},\"inLanguage\":\"fr-FR\",\"potentialAction\":[{\"@type\":\"ReadAction\",\"target\":[\"https:\/\/dev.hotel-audotel.com\/index.php\/chambre-quadruple-climatisee\/\"]}]},{\"@type\":\"BreadcrumbList\",\"@id\":\"https:\/\/dev.hotel-audotel.com\/index.php\/chambre-quadruple-climatisee\/#breadcrumb\",\"itemListElement\":[{\"@type\":\"ListItem\",\"position\":1,\"name\":\"Home\",\"item\":\"https:\/\/dev.hotel-audotel.com\/\"},{\"@type\":\"ListItem\",\"position\":2,\"name\":\"Chambre Quadruple Climatis\u00e9e\"}]}]}<\/script>\n<!-- \/ Yoast SEO plugin. -->","yoast_head_json":{"title":"Chambre Quadruple Climatis\u00e9e - H\u00f4tel \u00e0 Carcassonne","robots":{"index":"noindex","follow":"follow","max-snippet":"max-snippet:-1","max-image-preview":"max-image-preview:large","max-video-preview":"max-video-preview:-1"},"og_locale":"fr_FR","og_type":"article","og_title":"Chambre Quadruple Climatis\u00e9e - H\u00f4tel \u00e0 Carcassonne","og_description":"Chambre Quadruple Climatis\u00e9e Pour quatre personnes Superficie 14M2 *1 lit double et 1 lit superpos\u00e9\/1 lit double 150&#215;190 et 2 lits simples 90&#215;190 *douche *climatisation\/chauffage *TV \u00e9cran plat *Wifi *bureau Vous \u00eates \u00e0 la recherche d\u2019une chambre pour 4 personnes \u00e0 Carcassonne ? Nous avons la chambre qui vous correspond ! Situ\u00e9e \u00e0 5 minutes [&hellip;]","og_url":"https:\/\/dev.hotel-audotel.com\/index.php\/chambre-quadruple-climatisee\/","og_site_name":"H\u00f4tel \u00e0 Carcassonne","article_modified_time":"2022-02-28T13:55:14+00:00","og_image":[{"url":"https:\/\/dev.hotel-audotel.com\/wp-content\/uploads\/2022\/02\/IMG_6037-scaled.jpeg"}],"twitter_card":"summary_large_image","twitter_misc":{"Dur\u00e9e de lecture estim\u00e9e":"1 minute"},"schema":{"@context":"https:\/\/schema.org","@graph":[{"@type":"WebSite","@id":"https:\/\/dev.hotel-audotel.com\/#website","url":"https:\/\/dev.hotel-audotel.com\/","name":"H\u00f4tel \u00e0 Carcassonne","description":"Audotel","potentialAction":[{"@type":"SearchAction","target":{"@type":"EntryPoint","urlTemplate":"https:\/\/dev.hotel-audotel.com\/?s={search_term_string}"},"query-input":"required name=search_term_string"}],"inLanguage":"fr-FR"},{"@type":"ImageObject","@id":"https:\/\/dev.hotel-audotel.com\/index.php\/chambre-quadruple-climatisee\/#primaryimage","inLanguage":"fr-FR","url":"https:\/\/dev.hotel-audotel.com\/wp-content\/uploads\/2022\/02\/IMG_6037-scaled.jpeg","contentUrl":"https:\/\/dev.hotel-audotel.com\/wp-content\/uploads\/2022\/02\/IMG_6037-scaled.jpeg","width":2560,"height":1707},{"@type":"WebPage","@id":"https:\/\/dev.hotel-audotel.com\/index.php\/chambre-quadruple-climatisee\/#webpage","url":"https:\/\/dev.hotel-audotel.com\/index.php\/chambre-quadruple-climatisee\/","name":"Chambre Quadruple Climatis\u00e9e - H\u00f4tel \u00e0 Carcassonne","isPartOf":{"@id":"https:\/\/dev.hotel-audotel.com\/#website"},"primaryImageOfPage":{"@id":"https:\/\/dev.hotel-audotel.com\/index.php\/chambre-quadruple-climatisee\/#primaryimage"},"datePublished":"2022-02-25T09:44:13+00:00","dateModified":"2022-02-28T13:55:14+00:00","breadcrumb":{"@id":"https:\/\/dev.hotel-audotel.com\/index.php\/chambre-quadruple-climatisee\/#breadcrumb"},"inLanguage":"fr-FR","potentialAction":[{"@type":"ReadAction","target":["https:\/\/dev.hotel-audotel.com\/index.php\/chambre-quadruple-climatisee\/"]}]},{"@type":"BreadcrumbList","@id":"https:\/\/dev.hotel-audotel.com\/index.php\/chambre-quadruple-climatisee\/#breadcrumb","itemListElement":[{"@type":"ListItem","position":1,"name":"Home","item":"https:\/\/dev.hotel-audotel.com\/"},{"@type":"ListItem","position":2,"name":"Chambre Quadruple Climatis\u00e9e"}]}]}},"_links":{"self":[{"href":"https:\/\/dev.hotel-audotel.com\/index.php\/wp-json\/wp\/v2\/pages\/935"}],"collection":[{"href":"https:\/\/dev.hotel-audotel.com\/index.php\/wp-json\/wp\/v2\/pages"}],"about":[{"href":"https:\/\/dev.hotel-audotel.com\/index.php\/wp-json\/wp\/v2\/types\/page"}],"author":[{"embeddable":true,"href":"https:\/\/dev.hotel-audotel.com\/index.php\/wp-json\/wp\/v2\/users\/1"}],"replies":[{"embeddable":true,"href":"https:\/\/dev.hotel-audotel.com\/index.php\/wp-json\/wp\/v2\/comments?post=935"}],"version-history":[{"count":4,"href":"https:\/\/dev.hotel-audotel.com\/index.php\/wp-json\/wp\/v2\/pages\/935\/revisions"}],"predecessor-version":[{"id":1105,"href":"https:\/\/dev.hotel-audotel.com\/index.php\/wp-json\/wp\/v2\/pages\/935\/revisions\/1105"}],"wp:attachment":[{"href":"https:\/\/dev.hotel-audotel.com\/index.php\/wp-json\/wp\/v2\/media?parent=935"}],"curies":[{"name":"wp","href":"https:\/\/api.w.org\/{rel}","templated":true}]}}