{"id":902,"date":"2022-02-25T09:31:48","date_gmt":"2022-02-25T09:31:48","guid":{"rendered":"https:\/\/dev.hotel-audotel.com\/?page_id=902"},"modified":"2022-02-28T13:46:31","modified_gmt":"2022-02-28T13:46:31","slug":"chambre-twin-climatisee","status":"publish","type":"page","link":"https:\/\/dev.hotel-audotel.com\/index.php\/chambre-twin-climatisee\/","title":{"rendered":"Chambre Twin Climatis\u00e9e"},"content":{"rendered":"<div data-colibri-id=\"902-c1\" class=\"style-846 style-local-902-c1 position-relative\">\n  <!---->\n  <div data-colibri-component=\"section\" data-colibri-id=\"902-c2\" id=\"reusable-sections\" class=\"h-section h-section-global-spacing d-flex align-items-lg-center align-items-md-center align-items-center style-847 style-local-902-c2 position-relative\">\n    <!---->\n    <!---->\n    <div class=\"h-section-grid-container h-section-boxed-container\">\n      <!---->\n      <div data-colibri-id=\"902-c3\" class=\"h-row-container gutters-row-lg-2 gutters-row-md-2 gutters-row-2 gutters-row-v-lg-2 gutters-row-v-md-2 gutters-row-v-2 style-848 style-local-902-c3 position-relative\">\n        <!---->\n        <div class=\"h-row justify-content-lg-center justify-content-md-center justify-content-center align-items-lg-stretch align-items-md-stretch align-items-stretch gutters-col-lg-2 gutters-col-md-2 gutters-col-2 gutters-col-v-lg-2 gutters-col-v-md-2 gutters-col-v-2\">\n          <!---->\n          <div class=\"h-column h-column-container d-flex h-col-lg-auto h-col-md-auto h-col-auto style-849-outer style-local-902-c4-outer\">\n            <div data-colibri-id=\"902-c4\" class=\"d-flex h-flex-basis h-column__inner h-px-lg-2 h-px-md-2 h-px-2 v-inner-lg-2 v-inner-md-2 v-inner-2 style-849 style-local-902-c4 position-relative\">\n              <!---->\n              <!---->\n              <div class=\"w-100 h-y-container h-column__content h-column__v-align flex-basis-100 align-self-lg-center align-self-md-center align-self-center\">\n                <!---->\n                <div data-colibri-id=\"902-c5\" class=\"h-multiple-image style-850 style-local-902-c5 position-relative h-element\">\n                  <!---->\n                  <div class=\"position-relative\">\n                    <div class=\"h-multiple-image-inside-container\">\n                      <div class=\"ratio-inner\">\n                        <div data-colibri-id=\"902-c6\" class=\"d-block style-851 style-local-902-c6 position-relative h-element\">\n                          <!---->\n                          <div class=\"h-image__frame-container-outer\">\n                            <div class=\"h-image__frame-container\">\n                              <!---->\n                              <!---->\n                              <img loading=\"lazy\" width=\"2560\" height=\"1707\" src=\"https:\/\/dev.hotel-audotel.com\/wp-content\/uploads\/2022\/02\/Audotel-Chambre-twin-2-scaled.jpg\" class=\"style-850-images style-local-902-c5-images wp-image-893 style-851-image style-local-902-c6-image\" srcset=\"https:\/\/dev.hotel-audotel.com\/wp-content\/uploads\/2022\/02\/Audotel-Chambre-twin-2-scaled.jpg 2560w, https:\/\/dev.hotel-audotel.com\/wp-content\/uploads\/2022\/02\/Audotel-Chambre-twin-2-300x200.jpg 300w, https:\/\/dev.hotel-audotel.com\/wp-content\/uploads\/2022\/02\/Audotel-Chambre-twin-2-1024x683.jpg 1024w, https:\/\/dev.hotel-audotel.com\/wp-content\/uploads\/2022\/02\/Audotel-Chambre-twin-2-768x512.jpg 768w, https:\/\/dev.hotel-audotel.com\/wp-content\/uploads\/2022\/02\/Audotel-Chambre-twin-2-1536x1024.jpg 1536w, https:\/\/dev.hotel-audotel.com\/wp-content\/uploads\/2022\/02\/Audotel-Chambre-twin-2-2048x1365.jpg 2048w\" sizes=\"(max-width: 2560px) 100vw, 2560px\" alt=\"\" \/>\n                              <div class=\"h-image__frame h-hide-lg h-hide-md h-hide-sm style-851-frameImage style-local-902-c6-frameImage\"><\/div>\n                            <\/div>\n                          <\/div>\n                        <\/div>\n                        <div data-colibri-id=\"902-c7\" class=\"d-block style-852 style-local-902-c7 position-relative h-element\">\n                          <!---->\n                          <div class=\"h-image__frame-container-outer\">\n                            <div class=\"h-image__frame-container\">\n                              <!---->\n                              <!---->\n                              <img loading=\"lazy\" width=\"2560\" height=\"1707\" src=\"https:\/\/dev.hotel-audotel.com\/wp-content\/uploads\/2022\/02\/Audotel-Chambre-twin-1-scaled.jpg\" class=\"style-850-images style-local-902-c5-images wp-image-892 style-852-image style-local-902-c7-image\" srcset=\"https:\/\/dev.hotel-audotel.com\/wp-content\/uploads\/2022\/02\/Audotel-Chambre-twin-1-scaled.jpg 2560w, https:\/\/dev.hotel-audotel.com\/wp-content\/uploads\/2022\/02\/Audotel-Chambre-twin-1-300x200.jpg 300w, https:\/\/dev.hotel-audotel.com\/wp-content\/uploads\/2022\/02\/Audotel-Chambre-twin-1-1024x683.jpg 1024w, https:\/\/dev.hotel-audotel.com\/wp-content\/uploads\/2022\/02\/Audotel-Chambre-twin-1-768x512.jpg 768w, https:\/\/dev.hotel-audotel.com\/wp-content\/uploads\/2022\/02\/Audotel-Chambre-twin-1-1536x1024.jpg 1536w, https:\/\/dev.hotel-audotel.com\/wp-content\/uploads\/2022\/02\/Audotel-Chambre-twin-1-2048x1365.jpg 2048w\" sizes=\"(max-width: 2560px) 100vw, 2560px\" alt=\"\" \/>\n                              <div class=\"h-image__frame h-hide-lg h-hide-md h-hide-sm style-852-frameImage style-local-902-c7-frameImage\"><\/div>\n                            <\/div>\n                          <\/div>\n                        <\/div>\n                        <div data-colibri-id=\"902-c8\" class=\"d-block style-853 style-local-902-c8 position-relative h-element\">\n                          <!---->\n                          <div class=\"h-image__frame-container-outer\">\n                            <div class=\"h-image__frame-container\">\n                              <!---->\n                              <!---->\n                              <img loading=\"lazy\" width=\"1707\" height=\"2560\" src=\"https:\/\/dev.hotel-audotel.com\/wp-content\/uploads\/2022\/02\/5V3A0570-1-scaled.jpg\" class=\"style-850-images style-local-902-c5-images wp-image-861 style-853-image style-local-902-c8-image\" srcset=\"https:\/\/dev.hotel-audotel.com\/wp-content\/uploads\/2022\/02\/5V3A0570-1-scaled.jpg 1707w, https:\/\/dev.hotel-audotel.com\/wp-content\/uploads\/2022\/02\/5V3A0570-1-200x300.jpg 200w, https:\/\/dev.hotel-audotel.com\/wp-content\/uploads\/2022\/02\/5V3A0570-1-683x1024.jpg 683w, https:\/\/dev.hotel-audotel.com\/wp-content\/uploads\/2022\/02\/5V3A0570-1-768x1152.jpg 768w, https:\/\/dev.hotel-audotel.com\/wp-content\/uploads\/2022\/02\/5V3A0570-1-1024x1536.jpg 1024w, https:\/\/dev.hotel-audotel.com\/wp-content\/uploads\/2022\/02\/5V3A0570-1-1365x2048.jpg 1365w\" sizes=\"(max-width: 1707px) 100vw, 1707px\" alt=\"\" \/>\n                              <div class=\"h-image__frame h-hide-lg h-hide-md h-hide-sm style-853-frameImage style-local-902-c8-frameImage\"><\/div>\n                            <\/div>\n                          <\/div>\n                        <\/div>\n                      <\/div>\n                    <\/div>\n                  <\/div>\n                <\/div>\n              <\/div>\n            <\/div>\n          <\/div>\n          <div class=\"h-column h-column-container d-flex h-col-lg-auto h-col-md-auto h-col-auto style-854-outer style-local-902-c9-outer\">\n            <div data-colibri-id=\"902-c9\" class=\"d-flex h-flex-basis h-column__inner h-px-lg-2 h-px-md-2 h-px-2 v-inner-lg-2 v-inner-md-2 v-inner-2 style-854 style-local-902-c9 position-relative\">\n              <!---->\n              <!---->\n              <div class=\"w-100 h-y-container h-column__content h-column__v-align flex-basis-100 align-self-lg-center align-self-md-center align-self-center\">\n                <!---->\n                <div data-colibri-id=\"902-c10\" class=\"h-global-transition-all h-heading style-855 style-local-902-c10 position-relative h-element\">\n                  <!---->\n                  <div class=\"h-heading__outer style-855 style-local-902-c10\">\n                    <!---->\n                    <!---->\n                    <h2 class=\"\">Chambre Twin Climatis\u00e9e<\/h2>\n                  <\/div>\n                <\/div>\n                <div data-colibri-id=\"902-c11\" class=\"h-text h-text-component style-856 style-local-902-c11 position-relative h-element\">\n                  <!---->\n                  <!---->\n                  <div class=\"\">\n                    <p><em>Pour deux personnes<\/em><\/p>\n                    <p><em>Superficie 12M2<\/em><\/p>\n                    <p>*2 lits simples 90&#215;190<\/p>\n                    <p>*douche<\/p>\n                    <p>*climatisation\/chauffage<\/p>\n                    <p>*TV \u00e9cran plat<\/p>\n                    <p>*Wifi<\/p>\n                    <p>*bureau<\/p>\n                    <p><span style=\"color: rgb(68, 134, 136); font-family: &quot;Open Sans&quot;, sans-serif;\">Notre h\u00f4tel** proche de la cit\u00e9 m\u00e9di\u00e9vale vous propose des chambres doubles standards. Elles sont \u00e9quip\u00e9es de la climatisation ou non, du chauffage, d\u2019une t\u00e9l\u00e9vision \u00e9cran plat, d\u2019un bureau ainsi que d\u2019un lit ou de deux lits simples. Vous trouverez une salle d\u2019eau avec douche et WC. La d\u00e9coration est sobre et \u00e9pur\u00e9e pour vous inviter au repos dans une ambiance paisible. Les professionnels appr\u00e9cieront la qualit\u00e9 de notre Wifi mise gratuitement \u00e0 votre disposition. Lors d\u2019un week-end romantique, entre amis, ou pour un voyage d\u2019affaire, notre chambre double standard est id\u00e9ale pour s\u00e9journer \u00e0 Carcassonne \u00e0 un prix attractif.<\/span><\/p>\n                  <\/div>\n                <\/div>\n                <div data-colibri-id=\"902-c12\" class=\"h-x-container style-857 style-local-902-c12 position-relative h-element\">\n                  <!---->\n                  <div class=\"h-x-container-inner style-dynamic-902-c12-group style-857-spacing style-local-902-c12-spacing\"><span class=\"h-button__outer style-858-outer style-local-902-c13-outer d-inline-flex h-element\"><a h-use-smooth-scroll=\"true\" href=\"https:\/\/secure.reservit.com\/fo\/booking\/2\/93602\/dates?specialMode=default&amp;langcode=FR&amp;__utmz=128918670.1627563189.1.1.utmcsr%3D(direct)%7Cutmccn%3D(direct)%7Cutmcmd%3D(none)&amp;custid=2&amp;_ga=GA1.3.985223895.1627563117&amp;__utmb=128918670.10.10.1627563189&amp;hotelid=93602&amp;__utmc=128918670&amp;m=booking&amp;__utma=128918670.985223895.1627563117.1627563189.1627563189.1\"  data-colibri-id=\"902-c13\" class=\"d-flex w-100 align-items-center h-button justify-content-lg-center justify-content-md-center justify-content-center style-858 style-local-902-c13 position-relative\"><!----><!----> <span>R\u00e9server une Chambre<\/span><\/a>\n                    <\/span>\n                  <\/div>\n                <\/div>\n              <\/div>\n            <\/div>\n          <\/div>\n        <\/div>\n      <\/div>\n    <\/div>\n  <\/div>\n<\/div>","protected":false},"excerpt":{"rendered":"<p>Chambre Twin Climatis\u00e9e Pour deux personnes Superficie 12M2 *2 lits simples 90&#215;190 *douche *climatisation\/chauffage *TV \u00e9cran plat *Wifi *bureau Notre h\u00f4tel** proche de la cit\u00e9 m\u00e9di\u00e9vale vous propose des chambres doubles standards. Elles sont \u00e9quip\u00e9es de la climatisation ou non, du chauffage, d\u2019une t\u00e9l\u00e9vision \u00e9cran plat, d\u2019un bureau ainsi que d\u2019un lit ou de deux [&hellip;]<\/p>\n","protected":false},"author":1,"featured_media":0,"parent":0,"menu_order":0,"comment_status":"closed","ping_status":"closed","template":"page-templates\/full-width-page.php","meta":{"ngg_post_thumbnail":0},"yoast_head":"<!-- This site is optimized with the Yoast SEO plugin v18.2 - https:\/\/yoast.com\/wordpress\/plugins\/seo\/ -->\n<title>Chambre Twin Climatis\u00e9e - H\u00f4tel \u00e0 Carcassonne<\/title>\n<meta name=\"robots\" content=\"noindex, follow, max-snippet:-1, max-image-preview:large, max-video-preview:-1\" \/>\n<meta property=\"og:locale\" content=\"fr_FR\" \/>\n<meta property=\"og:type\" content=\"article\" \/>\n<meta property=\"og:title\" content=\"Chambre Twin Climatis\u00e9e - H\u00f4tel \u00e0 Carcassonne\" \/>\n<meta property=\"og:description\" content=\"Chambre Twin Climatis\u00e9e Pour deux personnes Superficie 12M2 *2 lits simples 90&#215;190 *douche *climatisation\/chauffage *TV \u00e9cran plat *Wifi *bureau Notre h\u00f4tel** proche de la cit\u00e9 m\u00e9di\u00e9vale vous propose des chambres doubles standards. Elles sont \u00e9quip\u00e9es de la climatisation ou non, du chauffage, d\u2019une t\u00e9l\u00e9vision \u00e9cran plat, d\u2019un bureau ainsi que d\u2019un lit ou de deux [&hellip;]\" \/>\n<meta property=\"og:url\" content=\"https:\/\/dev.hotel-audotel.com\/index.php\/chambre-twin-climatisee\/\" \/>\n<meta property=\"og:site_name\" content=\"H\u00f4tel \u00e0 Carcassonne\" \/>\n<meta property=\"article:modified_time\" content=\"2022-02-28T13:46:31+00:00\" \/>\n<meta property=\"og:image\" content=\"https:\/\/dev.hotel-audotel.com\/wp-content\/uploads\/2022\/02\/Audotel-Chambre-twin-2-scaled.jpg\" \/>\n<meta name=\"twitter:card\" content=\"summary_large_image\" \/>\n<meta name=\"twitter:label1\" content=\"Dur\u00e9e de lecture estim\u00e9e\" \/>\n\t<meta name=\"twitter:data1\" content=\"1 minute\" \/>\n<script type=\"application\/ld+json\" class=\"yoast-schema-graph\">{\"@context\":\"https:\/\/schema.org\",\"@graph\":[{\"@type\":\"WebSite\",\"@id\":\"https:\/\/dev.hotel-audotel.com\/#website\",\"url\":\"https:\/\/dev.hotel-audotel.com\/\",\"name\":\"H\u00f4tel \u00e0 Carcassonne\",\"description\":\"Audotel\",\"potentialAction\":[{\"@type\":\"SearchAction\",\"target\":{\"@type\":\"EntryPoint\",\"urlTemplate\":\"https:\/\/dev.hotel-audotel.com\/?s={search_term_string}\"},\"query-input\":\"required name=search_term_string\"}],\"inLanguage\":\"fr-FR\"},{\"@type\":\"ImageObject\",\"@id\":\"https:\/\/dev.hotel-audotel.com\/index.php\/chambre-twin-climatisee\/#primaryimage\",\"inLanguage\":\"fr-FR\",\"url\":\"https:\/\/dev.hotel-audotel.com\/wp-content\/uploads\/2022\/02\/Audotel-Chambre-twin-2-scaled.jpg\",\"contentUrl\":\"https:\/\/dev.hotel-audotel.com\/wp-content\/uploads\/2022\/02\/Audotel-Chambre-twin-2-scaled.jpg\",\"width\":2560,\"height\":1707},{\"@type\":\"WebPage\",\"@id\":\"https:\/\/dev.hotel-audotel.com\/index.php\/chambre-twin-climatisee\/#webpage\",\"url\":\"https:\/\/dev.hotel-audotel.com\/index.php\/chambre-twin-climatisee\/\",\"name\":\"Chambre Twin Climatis\u00e9e - H\u00f4tel \u00e0 Carcassonne\",\"isPartOf\":{\"@id\":\"https:\/\/dev.hotel-audotel.com\/#website\"},\"primaryImageOfPage\":{\"@id\":\"https:\/\/dev.hotel-audotel.com\/index.php\/chambre-twin-climatisee\/#primaryimage\"},\"datePublished\":\"2022-02-25T09:31:48+00:00\",\"dateModified\":\"2022-02-28T13:46:31+00:00\",\"breadcrumb\":{\"@id\":\"https:\/\/dev.hotel-audotel.com\/index.php\/chambre-twin-climatisee\/#breadcrumb\"},\"inLanguage\":\"fr-FR\",\"potentialAction\":[{\"@type\":\"ReadAction\",\"target\":[\"https:\/\/dev.hotel-audotel.com\/index.php\/chambre-twin-climatisee\/\"]}]},{\"@type\":\"BreadcrumbList\",\"@id\":\"https:\/\/dev.hotel-audotel.com\/index.php\/chambre-twin-climatisee\/#breadcrumb\",\"itemListElement\":[{\"@type\":\"ListItem\",\"position\":1,\"name\":\"Home\",\"item\":\"https:\/\/dev.hotel-audotel.com\/\"},{\"@type\":\"ListItem\",\"position\":2,\"name\":\"Chambre Twin Climatis\u00e9e\"}]}]}<\/script>\n<!-- \/ Yoast SEO plugin. -->","yoast_head_json":{"title":"Chambre Twin Climatis\u00e9e - H\u00f4tel \u00e0 Carcassonne","robots":{"index":"noindex","follow":"follow","max-snippet":"max-snippet:-1","max-image-preview":"max-image-preview:large","max-video-preview":"max-video-preview:-1"},"og_locale":"fr_FR","og_type":"article","og_title":"Chambre Twin Climatis\u00e9e - H\u00f4tel \u00e0 Carcassonne","og_description":"Chambre Twin Climatis\u00e9e Pour deux personnes Superficie 12M2 *2 lits simples 90&#215;190 *douche *climatisation\/chauffage *TV \u00e9cran plat *Wifi *bureau Notre h\u00f4tel** proche de la cit\u00e9 m\u00e9di\u00e9vale vous propose des chambres doubles standards. Elles sont \u00e9quip\u00e9es de la climatisation ou non, du chauffage, d\u2019une t\u00e9l\u00e9vision \u00e9cran plat, d\u2019un bureau ainsi que d\u2019un lit ou de deux [&hellip;]","og_url":"https:\/\/dev.hotel-audotel.com\/index.php\/chambre-twin-climatisee\/","og_site_name":"H\u00f4tel \u00e0 Carcassonne","article_modified_time":"2022-02-28T13:46:31+00:00","og_image":[{"url":"https:\/\/dev.hotel-audotel.com\/wp-content\/uploads\/2022\/02\/Audotel-Chambre-twin-2-scaled.jpg"}],"twitter_card":"summary_large_image","twitter_misc":{"Dur\u00e9e de lecture estim\u00e9e":"1 minute"},"schema":{"@context":"https:\/\/schema.org","@graph":[{"@type":"WebSite","@id":"https:\/\/dev.hotel-audotel.com\/#website","url":"https:\/\/dev.hotel-audotel.com\/","name":"H\u00f4tel \u00e0 Carcassonne","description":"Audotel","potentialAction":[{"@type":"SearchAction","target":{"@type":"EntryPoint","urlTemplate":"https:\/\/dev.hotel-audotel.com\/?s={search_term_string}"},"query-input":"required name=search_term_string"}],"inLanguage":"fr-FR"},{"@type":"ImageObject","@id":"https:\/\/dev.hotel-audotel.com\/index.php\/chambre-twin-climatisee\/#primaryimage","inLanguage":"fr-FR","url":"https:\/\/dev.hotel-audotel.com\/wp-content\/uploads\/2022\/02\/Audotel-Chambre-twin-2-scaled.jpg","contentUrl":"https:\/\/dev.hotel-audotel.com\/wp-content\/uploads\/2022\/02\/Audotel-Chambre-twin-2-scaled.jpg","width":2560,"height":1707},{"@type":"WebPage","@id":"https:\/\/dev.hotel-audotel.com\/index.php\/chambre-twin-climatisee\/#webpage","url":"https:\/\/dev.hotel-audotel.com\/index.php\/chambre-twin-climatisee\/","name":"Chambre Twin Climatis\u00e9e - H\u00f4tel \u00e0 Carcassonne","isPartOf":{"@id":"https:\/\/dev.hotel-audotel.com\/#website"},"primaryImageOfPage":{"@id":"https:\/\/dev.hotel-audotel.com\/index.php\/chambre-twin-climatisee\/#primaryimage"},"datePublished":"2022-02-25T09:31:48+00:00","dateModified":"2022-02-28T13:46:31+00:00","breadcrumb":{"@id":"https:\/\/dev.hotel-audotel.com\/index.php\/chambre-twin-climatisee\/#breadcrumb"},"inLanguage":"fr-FR","potentialAction":[{"@type":"ReadAction","target":["https:\/\/dev.hotel-audotel.com\/index.php\/chambre-twin-climatisee\/"]}]},{"@type":"BreadcrumbList","@id":"https:\/\/dev.hotel-audotel.com\/index.php\/chambre-twin-climatisee\/#breadcrumb","itemListElement":[{"@type":"ListItem","position":1,"name":"Home","item":"https:\/\/dev.hotel-audotel.com\/"},{"@type":"ListItem","position":2,"name":"Chambre Twin Climatis\u00e9e"}]}]}},"_links":{"self":[{"href":"https:\/\/dev.hotel-audotel.com\/index.php\/wp-json\/wp\/v2\/pages\/902"}],"collection":[{"href":"https:\/\/dev.hotel-audotel.com\/index.php\/wp-json\/wp\/v2\/pages"}],"about":[{"href":"https:\/\/dev.hotel-audotel.com\/index.php\/wp-json\/wp\/v2\/types\/page"}],"author":[{"embeddable":true,"href":"https:\/\/dev.hotel-audotel.com\/index.php\/wp-json\/wp\/v2\/users\/1"}],"replies":[{"embeddable":true,"href":"https:\/\/dev.hotel-audotel.com\/index.php\/wp-json\/wp\/v2\/comments?post=902"}],"version-history":[{"count":3,"href":"https:\/\/dev.hotel-audotel.com\/index.php\/wp-json\/wp\/v2\/pages\/902\/revisions"}],"predecessor-version":[{"id":1069,"href":"https:\/\/dev.hotel-audotel.com\/index.php\/wp-json\/wp\/v2\/pages\/902\/revisions\/1069"}],"wp:attachment":[{"href":"https:\/\/dev.hotel-audotel.com\/index.php\/wp-json\/wp\/v2\/media?parent=902"}],"curies":[{"name":"wp","href":"https:\/\/api.w.org\/{rel}","templated":true}]}}