{"id":855,"date":"2022-02-25T09:12:55","date_gmt":"2022-02-25T09:12:55","guid":{"rendered":"https:\/\/dev.hotel-audotel.com\/?page_id=855"},"modified":"2022-02-28T13:46:48","modified_gmt":"2022-02-28T13:46:48","slug":"chambre-double","status":"publish","type":"page","link":"https:\/\/dev.hotel-audotel.com\/index.php\/nos-chambres\/chambre-double\/","title":{"rendered":"Chambre Double"},"content":{"rendered":"<div data-colibri-id=\"855-c1\" class=\"style-788 style-local-855-c1 position-relative\">\n  <!---->\n  <div data-colibri-component=\"section\" data-colibri-id=\"855-c2\" id=\"reusable-sections\" class=\"h-section h-section-global-spacing d-flex align-items-lg-center align-items-md-center align-items-center style-804 style-local-855-c2 position-relative\">\n    <!---->\n    <!---->\n    <div class=\"h-section-grid-container h-section-boxed-container\">\n      <!---->\n      <div data-colibri-id=\"855-c3\" class=\"h-row-container gutters-row-lg-2 gutters-row-md-2 gutters-row-2 gutters-row-v-lg-2 gutters-row-v-md-2 gutters-row-v-2 style-805 style-local-855-c3 position-relative\">\n        <!---->\n        <div class=\"h-row justify-content-lg-center justify-content-md-center justify-content-center align-items-lg-stretch align-items-md-stretch align-items-stretch gutters-col-lg-2 gutters-col-md-2 gutters-col-2 gutters-col-v-lg-2 gutters-col-v-md-2 gutters-col-v-2\">\n          <!---->\n          <div class=\"h-column h-column-container d-flex h-col-lg-auto h-col-md-auto h-col-auto style-806-outer style-local-855-c4-outer\">\n            <div data-colibri-id=\"855-c4\" class=\"d-flex h-flex-basis h-column__inner h-px-lg-2 h-px-md-2 h-px-2 v-inner-lg-2 v-inner-md-2 v-inner-2 style-806 style-local-855-c4 position-relative\">\n              <!---->\n              <!---->\n              <div class=\"w-100 h-y-container h-column__content h-column__v-align flex-basis-100 align-self-lg-center align-self-md-center align-self-center\">\n                <!---->\n                <div data-colibri-id=\"855-c5\" class=\"h-multiple-image style-807 style-local-855-c5 position-relative h-element\">\n                  <!---->\n                  <div class=\"position-relative\">\n                    <div class=\"h-multiple-image-inside-container\">\n                      <div class=\"ratio-inner\">\n                        <div data-colibri-id=\"855-c6\" class=\"d-block style-808 style-local-855-c6 position-relative h-element\">\n                          <!---->\n                          <div class=\"h-image__frame-container-outer\">\n                            <div class=\"h-image__frame-container\">\n                              <!---->\n                              <!---->\n                              <img loading=\"lazy\" width=\"2560\" height=\"1707\" src=\"https:\/\/dev.hotel-audotel.com\/wp-content\/uploads\/2022\/02\/Audotel-Chambre-double-1-1-scaled.jpg\" class=\"style-807-images style-local-855-c5-images wp-image-860 style-808-image style-local-855-c6-image\" srcset=\"https:\/\/dev.hotel-audotel.com\/wp-content\/uploads\/2022\/02\/Audotel-Chambre-double-1-1-scaled.jpg 2560w, https:\/\/dev.hotel-audotel.com\/wp-content\/uploads\/2022\/02\/Audotel-Chambre-double-1-1-300x200.jpg 300w, https:\/\/dev.hotel-audotel.com\/wp-content\/uploads\/2022\/02\/Audotel-Chambre-double-1-1-1024x683.jpg 1024w, https:\/\/dev.hotel-audotel.com\/wp-content\/uploads\/2022\/02\/Audotel-Chambre-double-1-1-768x512.jpg 768w, https:\/\/dev.hotel-audotel.com\/wp-content\/uploads\/2022\/02\/Audotel-Chambre-double-1-1-1536x1024.jpg 1536w, https:\/\/dev.hotel-audotel.com\/wp-content\/uploads\/2022\/02\/Audotel-Chambre-double-1-1-2048x1365.jpg 2048w\" sizes=\"(max-width: 2560px) 100vw, 2560px\" alt=\"\" \/>\n                              <div class=\"h-image__frame h-hide-lg h-hide-md h-hide-sm style-808-frameImage style-local-855-c6-frameImage\"><\/div>\n                            <\/div>\n                          <\/div>\n                        <\/div>\n                        <div data-colibri-id=\"855-c7\" class=\"d-block style-810 style-local-855-c7 position-relative h-element\">\n                          <!---->\n                          <div class=\"h-image__frame-container-outer\">\n                            <div class=\"h-image__frame-container\">\n                              <!---->\n                              <!---->\n                              <img loading=\"lazy\" width=\"2560\" height=\"1707\" src=\"https:\/\/dev.hotel-audotel.com\/wp-content\/uploads\/2022\/02\/Audotel-Chambre-double-1-scaled.jpg\" class=\"style-807-images style-local-855-c5-images wp-image-859 style-810-image style-local-855-c7-image\" srcset=\"https:\/\/dev.hotel-audotel.com\/wp-content\/uploads\/2022\/02\/Audotel-Chambre-double-1-scaled.jpg 2560w, https:\/\/dev.hotel-audotel.com\/wp-content\/uploads\/2022\/02\/Audotel-Chambre-double-1-300x200.jpg 300w, https:\/\/dev.hotel-audotel.com\/wp-content\/uploads\/2022\/02\/Audotel-Chambre-double-1-1024x683.jpg 1024w, https:\/\/dev.hotel-audotel.com\/wp-content\/uploads\/2022\/02\/Audotel-Chambre-double-1-768x512.jpg 768w, https:\/\/dev.hotel-audotel.com\/wp-content\/uploads\/2022\/02\/Audotel-Chambre-double-1-1536x1024.jpg 1536w, https:\/\/dev.hotel-audotel.com\/wp-content\/uploads\/2022\/02\/Audotel-Chambre-double-1-2048x1365.jpg 2048w\" sizes=\"(max-width: 2560px) 100vw, 2560px\" alt=\"\" \/>\n                              <div class=\"h-image__frame h-hide-lg h-hide-md h-hide-sm style-810-frameImage style-local-855-c7-frameImage\"><\/div>\n                            <\/div>\n                          <\/div>\n                        <\/div>\n                        <div data-colibri-id=\"855-c8\" class=\"d-block style-817 style-local-855-c8 position-relative h-element\">\n                          <!---->\n                          <div class=\"h-image__frame-container-outer\">\n                            <div class=\"h-image__frame-container\">\n                              <!---->\n                              <!---->\n                              <img loading=\"lazy\" width=\"1707\" height=\"2560\" src=\"https:\/\/dev.hotel-audotel.com\/wp-content\/uploads\/2022\/02\/5V3A0570-1-scaled.jpg\" class=\"style-807-images style-local-855-c5-images wp-image-861 style-817-image style-local-855-c8-image\" srcset=\"https:\/\/dev.hotel-audotel.com\/wp-content\/uploads\/2022\/02\/5V3A0570-1-scaled.jpg 1707w, https:\/\/dev.hotel-audotel.com\/wp-content\/uploads\/2022\/02\/5V3A0570-1-200x300.jpg 200w, https:\/\/dev.hotel-audotel.com\/wp-content\/uploads\/2022\/02\/5V3A0570-1-683x1024.jpg 683w, https:\/\/dev.hotel-audotel.com\/wp-content\/uploads\/2022\/02\/5V3A0570-1-768x1152.jpg 768w, https:\/\/dev.hotel-audotel.com\/wp-content\/uploads\/2022\/02\/5V3A0570-1-1024x1536.jpg 1024w, https:\/\/dev.hotel-audotel.com\/wp-content\/uploads\/2022\/02\/5V3A0570-1-1365x2048.jpg 1365w\" sizes=\"(max-width: 1707px) 100vw, 1707px\" alt=\"\" \/>\n                              <div class=\"h-image__frame h-hide-lg h-hide-md h-hide-sm style-817-frameImage style-local-855-c8-frameImage\"><\/div>\n                            <\/div>\n                          <\/div>\n                        <\/div>\n                      <\/div>\n                    <\/div>\n                  <\/div>\n                <\/div>\n              <\/div>\n            <\/div>\n          <\/div>\n          <div class=\"h-column h-column-container d-flex h-col-lg-auto h-col-md-auto h-col-auto style-811-outer style-local-855-c9-outer\">\n            <div data-colibri-id=\"855-c9\" class=\"d-flex h-flex-basis h-column__inner h-px-lg-2 h-px-md-2 h-px-2 v-inner-lg-2 v-inner-md-2 v-inner-2 style-811 style-local-855-c9 position-relative\">\n              <!---->\n              <!---->\n              <div class=\"w-100 h-y-container h-column__content h-column__v-align flex-basis-100 align-self-lg-center align-self-md-center align-self-center\">\n                <!---->\n                <div data-colibri-id=\"855-c10\" class=\"h-global-transition-all h-heading style-813 style-local-855-c10 position-relative h-element\">\n                  <!---->\n                  <div class=\"h-heading__outer style-813 style-local-855-c10\">\n                    <!---->\n                    <!---->\n                    <h2 class=\"\">Chambre Double<\/h2>\n                  <\/div>\n                <\/div>\n                <div data-colibri-id=\"855-c11\" class=\"h-text h-text-component style-814 style-local-855-c11 position-relative h-element\">\n                  <!---->\n                  <!---->\n                  <div class=\"\">\n                    <p><em>Pour deux personnes<\/em><\/p>\n                    <p><em>Superficie 12M2<\/em><\/p>\n                    <p>*1 lit double 150&#215;190<\/p>\n                    <p>*douche<\/p>\n                    <p>*chauffage<\/p>\n                    <p>*TV \u00e9cran plat<\/p>\n                    <p>*Wifi<\/p>\n                    <p>*bureau<\/p>\n                    <p><span style=\"font-weight: 400; font-size: 16px; font-family: &quot;Open Sans&quot;, sans-serif; color: rgb(68, 134, 136);\">Notre h\u00f4tel** proche de la cit\u00e9 m\u00e9di\u00e9vale vous propose des chambres doubles standards. Elles sont \u00e9quip\u00e9es de la climatisation ou non, du chauffage, d\u2019une t\u00e9l\u00e9vision \u00e9cran plat, d\u2019un bureau ainsi que d\u2019un lit ou de deux lits simples. Vous trouverez une salle d\u2019eau avec douche et WC. La d\u00e9coration est sobre et \u00e9pur\u00e9e pour vous inviter au repos dans une ambiance paisible. Les professionnels appr\u00e9cieront la qualit\u00e9 de notre Wifi mise gratuitement \u00e0 votre disposition. Lors d\u2019un week-end romantique, entre amis, ou pour un voyage d\u2019affaire, notre chambre double standard est id\u00e9ale pour s\u00e9journer \u00e0 Carcassonne \u00e0 un prix attractif.<\/span><\/p>\n                  <\/div>\n                <\/div>\n                <div data-colibri-id=\"855-c12\" class=\"h-x-container style-815 style-local-855-c12 position-relative h-element\">\n                  <!---->\n                  <div class=\"h-x-container-inner style-dynamic-855-c12-group style-815-spacing style-local-855-c12-spacing\"><span class=\"h-button__outer style-816-outer style-local-855-c13-outer d-inline-flex h-element\"><a h-use-smooth-scroll=\"true\" href=\"https:\/\/secure.reservit.com\/fo\/booking\/2\/93602\/dates?specialMode=default&amp;langcode=FR&amp;__utmz=128918670.1627563189.1.1.utmcsr%3D(direct)%7Cutmccn%3D(direct)%7Cutmcmd%3D(none)&amp;custid=2&amp;_ga=GA1.3.985223895.1627563117&amp;__utmb=128918670.10.10.1627563189&amp;hotelid=93602&amp;__utmc=128918670&amp;m=booking&amp;__utma=128918670.985223895.1627563117.1627563189.1627563189.1\"  data-colibri-id=\"855-c13\" class=\"d-flex w-100 align-items-center h-button justify-content-lg-center justify-content-md-center justify-content-center style-816 style-local-855-c13 position-relative\"><!----><!----> <span>R\u00e9server une Chambre<\/span><\/a>\n                    <\/span>\n                  <\/div>\n                <\/div>\n              <\/div>\n            <\/div>\n          <\/div>\n        <\/div>\n      <\/div>\n    <\/div>\n  <\/div>\n<\/div>","protected":false},"excerpt":{"rendered":"<p>Chambre Double Pour deux personnes Superficie 12M2 *1 lit double 150&#215;190 *douche *chauffage *TV \u00e9cran plat *Wifi *bureau Notre h\u00f4tel** proche de la cit\u00e9 m\u00e9di\u00e9vale vous propose des chambres doubles standards. Elles sont \u00e9quip\u00e9es de la climatisation ou non, du chauffage, d\u2019une t\u00e9l\u00e9vision \u00e9cran plat, d\u2019un bureau ainsi que d\u2019un lit ou de deux lits [&hellip;]<\/p>\n","protected":false},"author":1,"featured_media":0,"parent":148,"menu_order":0,"comment_status":"closed","ping_status":"closed","template":"page-templates\/full-width-page.php","meta":{"ngg_post_thumbnail":0},"yoast_head":"<!-- This site is optimized with the Yoast SEO plugin v18.2 - https:\/\/yoast.com\/wordpress\/plugins\/seo\/ -->\n<title>Chambre Double - H\u00f4tel \u00e0 Carcassonne<\/title>\n<meta name=\"robots\" content=\"noindex, follow, max-snippet:-1, max-image-preview:large, max-video-preview:-1\" \/>\n<meta property=\"og:locale\" content=\"fr_FR\" \/>\n<meta property=\"og:type\" content=\"article\" \/>\n<meta property=\"og:title\" content=\"Chambre Double - H\u00f4tel \u00e0 Carcassonne\" \/>\n<meta property=\"og:description\" content=\"Chambre Double Pour deux personnes Superficie 12M2 *1 lit double 150&#215;190 *douche *chauffage *TV \u00e9cran plat *Wifi *bureau Notre h\u00f4tel** proche de la cit\u00e9 m\u00e9di\u00e9vale vous propose des chambres doubles standards. Elles sont \u00e9quip\u00e9es de la climatisation ou non, du chauffage, d\u2019une t\u00e9l\u00e9vision \u00e9cran plat, d\u2019un bureau ainsi que d\u2019un lit ou de deux lits [&hellip;]\" \/>\n<meta property=\"og:url\" content=\"https:\/\/dev.hotel-audotel.com\/index.php\/nos-chambres\/chambre-double\/\" \/>\n<meta property=\"og:site_name\" content=\"H\u00f4tel \u00e0 Carcassonne\" \/>\n<meta property=\"article:modified_time\" content=\"2022-02-28T13:46:48+00:00\" \/>\n<meta property=\"og:image\" content=\"https:\/\/dev.hotel-audotel.com\/wp-content\/uploads\/2022\/02\/Audotel-Chambre-double-1-1-scaled.jpg\" \/>\n<meta name=\"twitter:card\" content=\"summary_large_image\" \/>\n<meta name=\"twitter:label1\" content=\"Dur\u00e9e de lecture estim\u00e9e\" \/>\n\t<meta name=\"twitter:data1\" content=\"1 minute\" \/>\n<script type=\"application\/ld+json\" class=\"yoast-schema-graph\">{\"@context\":\"https:\/\/schema.org\",\"@graph\":[{\"@type\":\"WebSite\",\"@id\":\"https:\/\/dev.hotel-audotel.com\/#website\",\"url\":\"https:\/\/dev.hotel-audotel.com\/\",\"name\":\"H\u00f4tel \u00e0 Carcassonne\",\"description\":\"Audotel\",\"potentialAction\":[{\"@type\":\"SearchAction\",\"target\":{\"@type\":\"EntryPoint\",\"urlTemplate\":\"https:\/\/dev.hotel-audotel.com\/?s={search_term_string}\"},\"query-input\":\"required name=search_term_string\"}],\"inLanguage\":\"fr-FR\"},{\"@type\":\"ImageObject\",\"@id\":\"https:\/\/dev.hotel-audotel.com\/index.php\/nos-chambres\/chambre-double\/#primaryimage\",\"inLanguage\":\"fr-FR\",\"url\":\"https:\/\/dev.hotel-audotel.com\/wp-content\/uploads\/2022\/02\/Audotel-Chambre-double-1-1-scaled.jpg\",\"contentUrl\":\"https:\/\/dev.hotel-audotel.com\/wp-content\/uploads\/2022\/02\/Audotel-Chambre-double-1-1-scaled.jpg\",\"width\":2560,\"height\":1707},{\"@type\":\"WebPage\",\"@id\":\"https:\/\/dev.hotel-audotel.com\/index.php\/nos-chambres\/chambre-double\/#webpage\",\"url\":\"https:\/\/dev.hotel-audotel.com\/index.php\/nos-chambres\/chambre-double\/\",\"name\":\"Chambre Double - H\u00f4tel \u00e0 Carcassonne\",\"isPartOf\":{\"@id\":\"https:\/\/dev.hotel-audotel.com\/#website\"},\"primaryImageOfPage\":{\"@id\":\"https:\/\/dev.hotel-audotel.com\/index.php\/nos-chambres\/chambre-double\/#primaryimage\"},\"datePublished\":\"2022-02-25T09:12:55+00:00\",\"dateModified\":\"2022-02-28T13:46:48+00:00\",\"breadcrumb\":{\"@id\":\"https:\/\/dev.hotel-audotel.com\/index.php\/nos-chambres\/chambre-double\/#breadcrumb\"},\"inLanguage\":\"fr-FR\",\"potentialAction\":[{\"@type\":\"ReadAction\",\"target\":[\"https:\/\/dev.hotel-audotel.com\/index.php\/nos-chambres\/chambre-double\/\"]}]},{\"@type\":\"BreadcrumbList\",\"@id\":\"https:\/\/dev.hotel-audotel.com\/index.php\/nos-chambres\/chambre-double\/#breadcrumb\",\"itemListElement\":[{\"@type\":\"ListItem\",\"position\":1,\"name\":\"Home\",\"item\":\"https:\/\/dev.hotel-audotel.com\/\"},{\"@type\":\"ListItem\",\"position\":2,\"name\":\"L&rsquo;h\u00f4tel en image\",\"item\":\"https:\/\/dev.hotel-audotel.com\/index.php\/nos-chambres\/\"},{\"@type\":\"ListItem\",\"position\":3,\"name\":\"Chambre Double\"}]}]}<\/script>\n<!-- \/ Yoast SEO plugin. -->","yoast_head_json":{"title":"Chambre Double - H\u00f4tel \u00e0 Carcassonne","robots":{"index":"noindex","follow":"follow","max-snippet":"max-snippet:-1","max-image-preview":"max-image-preview:large","max-video-preview":"max-video-preview:-1"},"og_locale":"fr_FR","og_type":"article","og_title":"Chambre Double - H\u00f4tel \u00e0 Carcassonne","og_description":"Chambre Double Pour deux personnes Superficie 12M2 *1 lit double 150&#215;190 *douche *chauffage *TV \u00e9cran plat *Wifi *bureau Notre h\u00f4tel** proche de la cit\u00e9 m\u00e9di\u00e9vale vous propose des chambres doubles standards. Elles sont \u00e9quip\u00e9es de la climatisation ou non, du chauffage, d\u2019une t\u00e9l\u00e9vision \u00e9cran plat, d\u2019un bureau ainsi que d\u2019un lit ou de deux lits [&hellip;]","og_url":"https:\/\/dev.hotel-audotel.com\/index.php\/nos-chambres\/chambre-double\/","og_site_name":"H\u00f4tel \u00e0 Carcassonne","article_modified_time":"2022-02-28T13:46:48+00:00","og_image":[{"url":"https:\/\/dev.hotel-audotel.com\/wp-content\/uploads\/2022\/02\/Audotel-Chambre-double-1-1-scaled.jpg"}],"twitter_card":"summary_large_image","twitter_misc":{"Dur\u00e9e de lecture estim\u00e9e":"1 minute"},"schema":{"@context":"https:\/\/schema.org","@graph":[{"@type":"WebSite","@id":"https:\/\/dev.hotel-audotel.com\/#website","url":"https:\/\/dev.hotel-audotel.com\/","name":"H\u00f4tel \u00e0 Carcassonne","description":"Audotel","potentialAction":[{"@type":"SearchAction","target":{"@type":"EntryPoint","urlTemplate":"https:\/\/dev.hotel-audotel.com\/?s={search_term_string}"},"query-input":"required name=search_term_string"}],"inLanguage":"fr-FR"},{"@type":"ImageObject","@id":"https:\/\/dev.hotel-audotel.com\/index.php\/nos-chambres\/chambre-double\/#primaryimage","inLanguage":"fr-FR","url":"https:\/\/dev.hotel-audotel.com\/wp-content\/uploads\/2022\/02\/Audotel-Chambre-double-1-1-scaled.jpg","contentUrl":"https:\/\/dev.hotel-audotel.com\/wp-content\/uploads\/2022\/02\/Audotel-Chambre-double-1-1-scaled.jpg","width":2560,"height":1707},{"@type":"WebPage","@id":"https:\/\/dev.hotel-audotel.com\/index.php\/nos-chambres\/chambre-double\/#webpage","url":"https:\/\/dev.hotel-audotel.com\/index.php\/nos-chambres\/chambre-double\/","name":"Chambre Double - H\u00f4tel \u00e0 Carcassonne","isPartOf":{"@id":"https:\/\/dev.hotel-audotel.com\/#website"},"primaryImageOfPage":{"@id":"https:\/\/dev.hotel-audotel.com\/index.php\/nos-chambres\/chambre-double\/#primaryimage"},"datePublished":"2022-02-25T09:12:55+00:00","dateModified":"2022-02-28T13:46:48+00:00","breadcrumb":{"@id":"https:\/\/dev.hotel-audotel.com\/index.php\/nos-chambres\/chambre-double\/#breadcrumb"},"inLanguage":"fr-FR","potentialAction":[{"@type":"ReadAction","target":["https:\/\/dev.hotel-audotel.com\/index.php\/nos-chambres\/chambre-double\/"]}]},{"@type":"BreadcrumbList","@id":"https:\/\/dev.hotel-audotel.com\/index.php\/nos-chambres\/chambre-double\/#breadcrumb","itemListElement":[{"@type":"ListItem","position":1,"name":"Home","item":"https:\/\/dev.hotel-audotel.com\/"},{"@type":"ListItem","position":2,"name":"L&rsquo;h\u00f4tel en image","item":"https:\/\/dev.hotel-audotel.com\/index.php\/nos-chambres\/"},{"@type":"ListItem","position":3,"name":"Chambre Double"}]}]}},"_links":{"self":[{"href":"https:\/\/dev.hotel-audotel.com\/index.php\/wp-json\/wp\/v2\/pages\/855"}],"collection":[{"href":"https:\/\/dev.hotel-audotel.com\/index.php\/wp-json\/wp\/v2\/pages"}],"about":[{"href":"https:\/\/dev.hotel-audotel.com\/index.php\/wp-json\/wp\/v2\/types\/page"}],"author":[{"embeddable":true,"href":"https:\/\/dev.hotel-audotel.com\/index.php\/wp-json\/wp\/v2\/users\/1"}],"replies":[{"embeddable":true,"href":"https:\/\/dev.hotel-audotel.com\/index.php\/wp-json\/wp\/v2\/comments?post=855"}],"version-history":[{"count":4,"href":"https:\/\/dev.hotel-audotel.com\/index.php\/wp-json\/wp\/v2\/pages\/855\/revisions"}],"predecessor-version":[{"id":1076,"href":"https:\/\/dev.hotel-audotel.com\/index.php\/wp-json\/wp\/v2\/pages\/855\/revisions\/1076"}],"up":[{"embeddable":true,"href":"https:\/\/dev.hotel-audotel.com\/index.php\/wp-json\/wp\/v2\/pages\/148"}],"wp:attachment":[{"href":"https:\/\/dev.hotel-audotel.com\/index.php\/wp-json\/wp\/v2\/media?parent=855"}],"curies":[{"name":"wp","href":"https:\/\/api.w.org\/{rel}","templated":true}]}}