{"id":1124,"date":"2022-02-28T14:19:38","date_gmt":"2022-02-28T14:19:38","guid":{"rendered":"https:\/\/dev.hotel-audotel.com\/?page_id=1124"},"modified":"2022-02-28T14:29:47","modified_gmt":"2022-02-28T14:29:47","slug":"services","status":"publish","type":"page","link":"https:\/\/dev.hotel-audotel.com\/index.php\/services\/","title":{"rendered":"Services"},"content":{"rendered":"<div data-colibri-id=\"1124-c1\" class=\"style-935 style-local-1124-c1 position-relative\">\n  <!---->\n  <div data-colibri-component=\"section\" data-colibri-id=\"1124-c2\" id=\"about\" class=\"h-section h-section-global-spacing d-flex align-items-lg-center align-items-md-center align-items-center style-936 style-local-1124-c2 position-relative\">\n    <!---->\n    <!---->\n    <div class=\"h-section-grid-container h-section-boxed-container\">\n      <!---->\n      <div data-colibri-id=\"1124-c3\" class=\"h-row-container gutters-row-lg-2 gutters-row-md-2 gutters-row-2 gutters-row-v-lg-2 gutters-row-v-md-2 gutters-row-v-2 style-937 style-local-1124-c3 position-relative\">\n        <!---->\n        <div class=\"h-row justify-content-lg-center justify-content-md-center justify-content-center align-items-lg-stretch align-items-md-stretch align-items-stretch gutters-col-lg-2 gutters-col-md-2 gutters-col-2 gutters-col-v-lg-2 gutters-col-v-md-2 gutters-col-v-2\">\n          <!---->\n          <div class=\"h-column h-column-container d-flex h-col-lg-auto h-col-md-auto h-col-auto style-938-outer style-local-1124-c4-outer\">\n            <div data-colibri-id=\"1124-c4\" class=\"d-flex h-flex-basis h-column__inner h-px-lg-2 h-px-md-2 h-px-2 v-inner-lg-2 v-inner-md-2 v-inner-2 style-938 style-local-1124-c4 position-relative\">\n              <!---->\n              <!---->\n              <div class=\"w-100 h-y-container h-column__content h-column__v-align flex-basis-100 align-self-lg-center align-self-md-center align-self-center\">\n                <!---->\n                <div data-colibri-id=\"1124-c5\" class=\"h-global-transition-all h-heading style-939 style-local-1124-c5 position-relative h-element\">\n                  <!---->\n                  <div class=\"h-heading__outer style-939 style-local-1124-c5\">\n                    <!---->\n                    <!---->\n                    <h2 class=\"\">Services<\/h2>\n                  <\/div>\n                <\/div>\n                <div data-colibri-id=\"1124-c7\" class=\"h-text h-text-component style-941 style-local-1124-c7 position-relative h-element\">\n                  <!---->\n                  <!---->\n                  <div class=\"\">\n                    <p><span style=\"color: var( --e-global-color-secondary ); font-size: 14.7px; font-family: inherit;\">Nous vous accueillons de 7h30 \u00e0 12h00 et de 14h30 \u00e0 20h00<\/span><\/p>\n                    <p><span style=\"color: var( --e-global-color-secondary ); font-size: 14.7px; font-family: inherit;\">Votre arriv\u00e9e est souhait\u00e9e de 14h30 \u00e0 19h00<\/span><\/p>\n                    <p><span style=\"color: var( --e-global-color-secondary ); font-size: 14.7px; font-family: inherit;\">Notre petit d\u00e9jeuner buffet est servi tous les jours de 7h30 \u00e0 10h00<\/span><\/p>\n                    <p><span style=\"color: var( --e-global-color-secondary ); font-size: 14.7px; font-family: inherit;\">Animaux de compagnie accept\u00e9s (avec suppl\u00e9ment)<\/span><\/p>\n                    <p><span style=\"color: var( --e-global-color-secondary ); font-size: 14.7px; font-family: inherit;\">Acc\u00e8s aux personnes \u00e0 mobilit\u00e9 r\u00e9duite<\/span><\/p>\n                    <p><span style=\"color: var( --e-global-color-secondary ); font-size: 14.7px; font-family: inherit;\">Distributeur de boisson et de confiserie 24\/24<\/span><\/p>\n                    <p><span style=\"color: var( --e-global-color-secondary ); font-size: 14.7px; font-family: inherit;\">Notre h\u00f4tel c\u2019est aussi : Un parking public gratuit toute la journ\u00e9e est \u00e0 votre disposition.<\/span><\/p>\n                    <p><span style=\"color: var( --e-global-color-secondary ); font-size: 14.7px; font-family: inherit;\">Nous disposons \u00e9galement d&rsquo;un garage o\u00f9 vous pouvez ranger vos v\u00e9los.<\/span><\/p>\n                    <p><span style=\"color: var( --e-global-color-secondary ); font-size: 14.7px; font-family: inherit;\">Une borne ext\u00e9rieure vous permet de louer une chambre 24h\/24 avec une carte bancaire ou r\u00e9cup\u00e9rer votre Chambre d\u00e9j\u00e0 r\u00e9serv\u00e9e.<\/span><\/p>\n                  <\/div>\n                <\/div>\n                <div data-colibri-id=\"1124-c8\" class=\"h-x-container style-942 style-local-1124-c8 position-relative h-element\">\n                  <!---->\n                  <div class=\"h-x-container-inner style-dynamic-1124-c8-group style-942-spacing style-local-1124-c8-spacing\"><span class=\"h-button__outer style-943-outer style-local-1124-c9-outer d-inline-flex h-element\"><a h-use-smooth-scroll=\"true\" href=\"https:\/\/secure.reservit.com\/fo\/booking\/2\/93602\/dates?specialMode=default&amp;langcode=FR&amp;__utmz=128918670.1627563189.1.1.utmcsr%3D(direct)%7Cutmccn%3D(direct)%7Cutmcmd%3D(none)&amp;custid=2&amp;_ga=GA1.3.985223895.1627563117&amp;__utmb=128918670.10.10.1627563189&amp;hotelid=93602&amp;__utmc=128918670&amp;m=booking&amp;__utma=128918670.985223895.1627563117.1627563189.1627563189.1\"  data-colibri-id=\"1124-c9\" class=\"d-flex w-100 align-items-center h-button justify-content-lg-center justify-content-md-center justify-content-center style-943 style-local-1124-c9 position-relative\"><!----><!----> <span>R\u00e9server une Chambre<\/span><\/a>\n                    <\/span>\n                  <\/div>\n                <\/div>\n              <\/div>\n            <\/div>\n          <\/div>\n          <div class=\"h-column h-column-container d-flex h-col-lg-auto h-col-md-auto h-col-auto style-944-outer style-local-1124-c10-outer\">\n            <div data-colibri-id=\"1124-c10\" class=\"d-flex h-flex-basis h-column__inner h-px-lg-2 h-px-md-2 h-px-2 v-inner-lg-2 v-inner-md-2 v-inner-2 style-944 style-local-1124-c10 position-relative\">\n              <!---->\n              <!---->\n              <div class=\"w-100 h-y-container h-column__content h-column__v-align flex-basis-100 align-self-lg-center align-self-md-center align-self-center\">\n                <!---->\n                <div data-colibri-id=\"1124-c11\" class=\"h-multiple-image style-945 style-local-1124-c11 position-relative h-element\">\n                  <!---->\n                  <div class=\"position-relative\">\n                    <div class=\"h-multiple-image-inside-container\">\n                      <div class=\"ratio-inner\">\n                        <div data-colibri-id=\"1124-c12\" class=\"d-block style-946 style-local-1124-c12 position-relative h-element\">\n                          <!---->\n                          <div class=\"h-image__frame-container-outer\">\n                            <div class=\"h-image__frame-container\">\n                              <!---->\n                              <div class=\"h-image__overlay style-946-overlay style-local-1124-c12-overlay\">\n                                <div class=\"overlay-layer\">\n                                  <div class=\"overlay-image-layer\" style=\"background-color: rgb(255, 255, 255); opacity: 0.5;\"><\/div>\n                                <\/div>\n                              <\/div>\n                              <img loading=\"lazy\" width=\"2560\" height=\"1707\" src=\"https:\/\/dev.hotel-audotel.com\/wp-content\/uploads\/2022\/02\/Audotel-Couloir-2-scaled.jpg\" class=\"style-945-images style-local-1124-c11-images wp-image-1009 style-946-image style-local-1124-c12-image\" srcset=\"https:\/\/dev.hotel-audotel.com\/wp-content\/uploads\/2022\/02\/Audotel-Couloir-2-scaled.jpg 2560w, https:\/\/dev.hotel-audotel.com\/wp-content\/uploads\/2022\/02\/Audotel-Couloir-2-300x200.jpg 300w, https:\/\/dev.hotel-audotel.com\/wp-content\/uploads\/2022\/02\/Audotel-Couloir-2-1024x683.jpg 1024w, https:\/\/dev.hotel-audotel.com\/wp-content\/uploads\/2022\/02\/Audotel-Couloir-2-768x512.jpg 768w, https:\/\/dev.hotel-audotel.com\/wp-content\/uploads\/2022\/02\/Audotel-Couloir-2-1536x1024.jpg 1536w, https:\/\/dev.hotel-audotel.com\/wp-content\/uploads\/2022\/02\/Audotel-Couloir-2-2048x1365.jpg 2048w\" sizes=\"(max-width: 2560px) 100vw, 2560px\" alt=\"\" \/>\n                              <div class=\"h-image__frame h-hide-lg h-hide-md h-hide-sm style-946-frameImage style-local-1124-c12-frameImage\"><\/div>\n                            <\/div>\n                          <\/div>\n                        <\/div>\n                        <div data-colibri-id=\"1124-c13\" class=\"d-block style-947 style-local-1124-c13 position-relative h-element\">\n                          <!---->\n                          <div class=\"h-image__frame-container-outer\">\n                            <div class=\"h-image__frame-container\">\n                              <!---->\n                              <div class=\"h-image__overlay style-947-overlay style-local-1124-c13-overlay\">\n                                <div class=\"overlay-layer\">\n                                  <div class=\"overlay-image-layer\" style=\"background-color: rgb(3, 169, 244); opacity: 0.5;\"><\/div>\n                                <\/div>\n                              <\/div>\n                              <img loading=\"lazy\" width=\"1280\" height=\"1707\" src=\"https:\/\/dev.hotel-audotel.com\/wp-content\/uploads\/2022\/02\/cropped-IMG_6013-scaled-1.jpeg\" class=\"style-945-images style-local-1124-c11-images wp-image-1128 style-947-image style-local-1124-c13-image\" srcset=\"https:\/\/dev.hotel-audotel.com\/wp-content\/uploads\/2022\/02\/cropped-IMG_6013-scaled-1.jpeg 1280w, https:\/\/dev.hotel-audotel.com\/wp-content\/uploads\/2022\/02\/cropped-IMG_6013-scaled-1-225x300.jpeg 225w, https:\/\/dev.hotel-audotel.com\/wp-content\/uploads\/2022\/02\/cropped-IMG_6013-scaled-1-768x1024.jpeg 768w, https:\/\/dev.hotel-audotel.com\/wp-content\/uploads\/2022\/02\/cropped-IMG_6013-scaled-1-1152x1536.jpeg 1152w\" sizes=\"(max-width: 1280px) 100vw, 1280px\" alt=\"\" \/>\n                              <div class=\"h-image__frame h-hide-lg h-hide-md h-hide-sm style-947-frameImage style-local-1124-c13-frameImage\"><\/div>\n                            <\/div>\n                          <\/div>\n                        <\/div>\n                        <div data-colibri-id=\"1124-c14\" class=\"d-block style-948 style-local-1124-c14 position-relative h-element\">\n                          <!---->\n                          <div class=\"h-image__frame-container-outer\">\n                            <div class=\"h-image__frame-container\">\n                              <!---->\n                              <div class=\"h-image__overlay style-948-overlay style-local-1124-c14-overlay\">\n                                <div class=\"overlay-layer\">\n                                  <div class=\"overlay-image-layer\" style=\"background-color: rgb(3, 169, 244); opacity: 0.5;\"><\/div>\n                                <\/div>\n                              <\/div>\n                              <img loading=\"lazy\" width=\"1707\" height=\"2560\" src=\"https:\/\/dev.hotel-audotel.com\/wp-content\/uploads\/2022\/02\/5V3A0338-2-1-scaled.jpg\" class=\"style-945-images style-local-1124-c11-images wp-image-1000 style-948-image style-local-1124-c14-image\" srcset=\"https:\/\/dev.hotel-audotel.com\/wp-content\/uploads\/2022\/02\/5V3A0338-2-1-scaled.jpg 1707w, https:\/\/dev.hotel-audotel.com\/wp-content\/uploads\/2022\/02\/5V3A0338-2-1-200x300.jpg 200w, https:\/\/dev.hotel-audotel.com\/wp-content\/uploads\/2022\/02\/5V3A0338-2-1-683x1024.jpg 683w, https:\/\/dev.hotel-audotel.com\/wp-content\/uploads\/2022\/02\/5V3A0338-2-1-768x1152.jpg 768w, https:\/\/dev.hotel-audotel.com\/wp-content\/uploads\/2022\/02\/5V3A0338-2-1-1024x1536.jpg 1024w, https:\/\/dev.hotel-audotel.com\/wp-content\/uploads\/2022\/02\/5V3A0338-2-1-1365x2048.jpg 1365w\" sizes=\"(max-width: 1707px) 100vw, 1707px\" alt=\"\" \/>\n                              <div class=\"h-image__frame h-hide-lg h-hide-md h-hide-sm style-948-frameImage style-local-1124-c14-frameImage\"><\/div>\n                            <\/div>\n                          <\/div>\n                        <\/div>\n                        <div data-colibri-id=\"1124-c15\" class=\"d-block style-949 style-local-1124-c15 position-relative h-element\">\n                          <!---->\n                          <div class=\"h-image__frame-container-outer\">\n                            <div class=\"h-image__frame-container\">\n                              <!---->\n                              <div class=\"h-image__overlay style-949-overlay style-local-1124-c15-overlay\">\n                                <div class=\"overlay-layer\">\n                                  <div class=\"overlay-image-layer\" style=\"background-color: rgb(255, 255, 255); opacity: 0.5;\"><\/div>\n                                <\/div>\n                              <\/div>\n                              <img loading=\"lazy\" width=\"1920\" height=\"1280\" src=\"https:\/\/dev.hotel-audotel.com\/wp-content\/uploads\/2022\/02\/5V3A0299-1.jpg\" class=\"style-945-images style-local-1124-c11-images wp-image-987 style-949-image style-local-1124-c15-image\" srcset=\"https:\/\/dev.hotel-audotel.com\/wp-content\/uploads\/2022\/02\/5V3A0299-1.jpg 1920w, https:\/\/dev.hotel-audotel.com\/wp-content\/uploads\/2022\/02\/5V3A0299-1-300x200.jpg 300w, https:\/\/dev.hotel-audotel.com\/wp-content\/uploads\/2022\/02\/5V3A0299-1-1024x683.jpg 1024w, https:\/\/dev.hotel-audotel.com\/wp-content\/uploads\/2022\/02\/5V3A0299-1-768x512.jpg 768w, https:\/\/dev.hotel-audotel.com\/wp-content\/uploads\/2022\/02\/5V3A0299-1-1536x1024.jpg 1536w\" sizes=\"(max-width: 1920px) 100vw, 1920px\" alt=\"\" \/>\n                              <div class=\"h-image__frame h-hide-lg h-hide-md h-hide-sm style-949-frameImage style-local-1124-c15-frameImage\"><\/div>\n                            <\/div>\n                          <\/div>\n                        <\/div>\n                      <\/div>\n                    <\/div>\n                  <\/div>\n                <\/div>\n              <\/div>\n            <\/div>\n          <\/div>\n        <\/div>\n      <\/div>\n    <\/div>\n  <\/div>\n<\/div>","protected":false},"excerpt":{"rendered":"<p>Services Nous vous accueillons de 7h30 \u00e0 12h00 et de 14h30 \u00e0 20h00 Votre arriv\u00e9e est souhait\u00e9e de 14h30 \u00e0 19h00 Notre petit d\u00e9jeuner buffet est servi tous les jours de 7h30 \u00e0 10h00 Animaux de compagnie accept\u00e9s (avec suppl\u00e9ment) Acc\u00e8s aux personnes \u00e0 mobilit\u00e9 r\u00e9duite Distributeur de boisson et de confiserie 24\/24 Notre h\u00f4tel [&hellip;]<\/p>\n","protected":false},"author":1,"featured_media":0,"parent":0,"menu_order":0,"comment_status":"closed","ping_status":"closed","template":"page-templates\/full-width-page.php","meta":{"ngg_post_thumbnail":0},"yoast_head":"<!-- This site is optimized with the Yoast SEO plugin v18.2 - https:\/\/yoast.com\/wordpress\/plugins\/seo\/ -->\n<title>Services - H\u00f4tel \u00e0 Carcassonne<\/title>\n<meta name=\"robots\" content=\"noindex, follow, max-snippet:-1, max-image-preview:large, max-video-preview:-1\" \/>\n<meta property=\"og:locale\" content=\"fr_FR\" \/>\n<meta property=\"og:type\" content=\"article\" \/>\n<meta property=\"og:title\" content=\"Services - H\u00f4tel \u00e0 Carcassonne\" \/>\n<meta property=\"og:description\" content=\"Services Nous vous accueillons de 7h30 \u00e0 12h00 et de 14h30 \u00e0 20h00 Votre arriv\u00e9e est souhait\u00e9e de 14h30 \u00e0 19h00 Notre petit d\u00e9jeuner buffet est servi tous les jours de 7h30 \u00e0 10h00 Animaux de compagnie accept\u00e9s (avec suppl\u00e9ment) Acc\u00e8s aux personnes \u00e0 mobilit\u00e9 r\u00e9duite Distributeur de boisson et de confiserie 24\/24 Notre h\u00f4tel [&hellip;]\" \/>\n<meta property=\"og:url\" content=\"https:\/\/dev.hotel-audotel.com\/index.php\/services\/\" \/>\n<meta property=\"og:site_name\" content=\"H\u00f4tel \u00e0 Carcassonne\" \/>\n<meta property=\"article:modified_time\" content=\"2022-02-28T14:29:47+00:00\" \/>\n<meta property=\"og:image\" content=\"https:\/\/dev.hotel-audotel.com\/wp-content\/uploads\/2022\/02\/Audotel-Couloir-2-scaled.jpg\" \/>\n<meta name=\"twitter:card\" content=\"summary_large_image\" \/>\n<meta name=\"twitter:label1\" content=\"Dur\u00e9e de lecture estim\u00e9e\" \/>\n\t<meta name=\"twitter:data1\" content=\"1 minute\" \/>\n<script type=\"application\/ld+json\" class=\"yoast-schema-graph\">{\"@context\":\"https:\/\/schema.org\",\"@graph\":[{\"@type\":\"WebSite\",\"@id\":\"https:\/\/dev.hotel-audotel.com\/#website\",\"url\":\"https:\/\/dev.hotel-audotel.com\/\",\"name\":\"H\u00f4tel \u00e0 Carcassonne\",\"description\":\"Audotel\",\"potentialAction\":[{\"@type\":\"SearchAction\",\"target\":{\"@type\":\"EntryPoint\",\"urlTemplate\":\"https:\/\/dev.hotel-audotel.com\/?s={search_term_string}\"},\"query-input\":\"required name=search_term_string\"}],\"inLanguage\":\"fr-FR\"},{\"@type\":\"ImageObject\",\"@id\":\"https:\/\/dev.hotel-audotel.com\/index.php\/services\/#primaryimage\",\"inLanguage\":\"fr-FR\",\"url\":\"https:\/\/dev.hotel-audotel.com\/wp-content\/uploads\/2022\/02\/Audotel-Couloir-2-scaled.jpg\",\"contentUrl\":\"https:\/\/dev.hotel-audotel.com\/wp-content\/uploads\/2022\/02\/Audotel-Couloir-2-scaled.jpg\",\"width\":2560,\"height\":1707},{\"@type\":\"WebPage\",\"@id\":\"https:\/\/dev.hotel-audotel.com\/index.php\/services\/#webpage\",\"url\":\"https:\/\/dev.hotel-audotel.com\/index.php\/services\/\",\"name\":\"Services - H\u00f4tel \u00e0 Carcassonne\",\"isPartOf\":{\"@id\":\"https:\/\/dev.hotel-audotel.com\/#website\"},\"primaryImageOfPage\":{\"@id\":\"https:\/\/dev.hotel-audotel.com\/index.php\/services\/#primaryimage\"},\"datePublished\":\"2022-02-28T14:19:38+00:00\",\"dateModified\":\"2022-02-28T14:29:47+00:00\",\"breadcrumb\":{\"@id\":\"https:\/\/dev.hotel-audotel.com\/index.php\/services\/#breadcrumb\"},\"inLanguage\":\"fr-FR\",\"potentialAction\":[{\"@type\":\"ReadAction\",\"target\":[\"https:\/\/dev.hotel-audotel.com\/index.php\/services\/\"]}]},{\"@type\":\"BreadcrumbList\",\"@id\":\"https:\/\/dev.hotel-audotel.com\/index.php\/services\/#breadcrumb\",\"itemListElement\":[{\"@type\":\"ListItem\",\"position\":1,\"name\":\"Home\",\"item\":\"https:\/\/dev.hotel-audotel.com\/\"},{\"@type\":\"ListItem\",\"position\":2,\"name\":\"Services\"}]}]}<\/script>\n<!-- \/ Yoast SEO plugin. -->","yoast_head_json":{"title":"Services - H\u00f4tel \u00e0 Carcassonne","robots":{"index":"noindex","follow":"follow","max-snippet":"max-snippet:-1","max-image-preview":"max-image-preview:large","max-video-preview":"max-video-preview:-1"},"og_locale":"fr_FR","og_type":"article","og_title":"Services - H\u00f4tel \u00e0 Carcassonne","og_description":"Services Nous vous accueillons de 7h30 \u00e0 12h00 et de 14h30 \u00e0 20h00 Votre arriv\u00e9e est souhait\u00e9e de 14h30 \u00e0 19h00 Notre petit d\u00e9jeuner buffet est servi tous les jours de 7h30 \u00e0 10h00 Animaux de compagnie accept\u00e9s (avec suppl\u00e9ment) Acc\u00e8s aux personnes \u00e0 mobilit\u00e9 r\u00e9duite Distributeur de boisson et de confiserie 24\/24 Notre h\u00f4tel [&hellip;]","og_url":"https:\/\/dev.hotel-audotel.com\/index.php\/services\/","og_site_name":"H\u00f4tel \u00e0 Carcassonne","article_modified_time":"2022-02-28T14:29:47+00:00","og_image":[{"url":"https:\/\/dev.hotel-audotel.com\/wp-content\/uploads\/2022\/02\/Audotel-Couloir-2-scaled.jpg"}],"twitter_card":"summary_large_image","twitter_misc":{"Dur\u00e9e de lecture estim\u00e9e":"1 minute"},"schema":{"@context":"https:\/\/schema.org","@graph":[{"@type":"WebSite","@id":"https:\/\/dev.hotel-audotel.com\/#website","url":"https:\/\/dev.hotel-audotel.com\/","name":"H\u00f4tel \u00e0 Carcassonne","description":"Audotel","potentialAction":[{"@type":"SearchAction","target":{"@type":"EntryPoint","urlTemplate":"https:\/\/dev.hotel-audotel.com\/?s={search_term_string}"},"query-input":"required name=search_term_string"}],"inLanguage":"fr-FR"},{"@type":"ImageObject","@id":"https:\/\/dev.hotel-audotel.com\/index.php\/services\/#primaryimage","inLanguage":"fr-FR","url":"https:\/\/dev.hotel-audotel.com\/wp-content\/uploads\/2022\/02\/Audotel-Couloir-2-scaled.jpg","contentUrl":"https:\/\/dev.hotel-audotel.com\/wp-content\/uploads\/2022\/02\/Audotel-Couloir-2-scaled.jpg","width":2560,"height":1707},{"@type":"WebPage","@id":"https:\/\/dev.hotel-audotel.com\/index.php\/services\/#webpage","url":"https:\/\/dev.hotel-audotel.com\/index.php\/services\/","name":"Services - H\u00f4tel \u00e0 Carcassonne","isPartOf":{"@id":"https:\/\/dev.hotel-audotel.com\/#website"},"primaryImageOfPage":{"@id":"https:\/\/dev.hotel-audotel.com\/index.php\/services\/#primaryimage"},"datePublished":"2022-02-28T14:19:38+00:00","dateModified":"2022-02-28T14:29:47+00:00","breadcrumb":{"@id":"https:\/\/dev.hotel-audotel.com\/index.php\/services\/#breadcrumb"},"inLanguage":"fr-FR","potentialAction":[{"@type":"ReadAction","target":["https:\/\/dev.hotel-audotel.com\/index.php\/services\/"]}]},{"@type":"BreadcrumbList","@id":"https:\/\/dev.hotel-audotel.com\/index.php\/services\/#breadcrumb","itemListElement":[{"@type":"ListItem","position":1,"name":"Home","item":"https:\/\/dev.hotel-audotel.com\/"},{"@type":"ListItem","position":2,"name":"Services"}]}]}},"_links":{"self":[{"href":"https:\/\/dev.hotel-audotel.com\/index.php\/wp-json\/wp\/v2\/pages\/1124"}],"collection":[{"href":"https:\/\/dev.hotel-audotel.com\/index.php\/wp-json\/wp\/v2\/pages"}],"about":[{"href":"https:\/\/dev.hotel-audotel.com\/index.php\/wp-json\/wp\/v2\/types\/page"}],"author":[{"embeddable":true,"href":"https:\/\/dev.hotel-audotel.com\/index.php\/wp-json\/wp\/v2\/users\/1"}],"replies":[{"embeddable":true,"href":"https:\/\/dev.hotel-audotel.com\/index.php\/wp-json\/wp\/v2\/comments?post=1124"}],"version-history":[{"count":2,"href":"https:\/\/dev.hotel-audotel.com\/index.php\/wp-json\/wp\/v2\/pages\/1124\/revisions"}],"predecessor-version":[{"id":1130,"href":"https:\/\/dev.hotel-audotel.com\/index.php\/wp-json\/wp\/v2\/pages\/1124\/revisions\/1130"}],"wp:attachment":[{"href":"https:\/\/dev.hotel-audotel.com\/index.php\/wp-json\/wp\/v2\/media?parent=1124"}],"curies":[{"name":"wp","href":"https:\/\/api.w.org\/{rel}","templated":true}]}}